{"id":34787,"date":"2026-04-23T01:17:12","date_gmt":"2026-04-22T22:17:12","guid":{"rendered":"https:\/\/rezekne.citro.psdev.lv\/veikals\/import-placeholder-for-2210\/"},"modified":"2026-05-11T06:12:23","modified_gmt":"2026-05-11T03:12:23","slug":"vates-plaksnites-bella-apalas-80gab-30","status":"publish","type":"product","link":"https:\/\/rezekne.citro.lv\/ru\/product\/vates-plaksnites-bella-apalas-80gab-30\/","title":{"rendered":"VATES PL\u0100KSN\u012aTES BELLA APA\u013bAS 80GAB.+30%"},"content":{"rendered":"","protected":false},"excerpt":{"rendered":"<p>0.02 \u20ac\/GAB<\/p>\n","protected":false},"featured_media":60573,"template":"","meta":{"_acf_changed":false,"inline_featured_image":false},"product_cat":[127,129],"product_tag":[],"acf":[],"aioseo_notices":[],"_links":{"self":[{"href":"https:\/\/rezekne.citro.lv\/ru\/wp-json\/wp\/v2\/product\/34787"}],"collection":[{"href":"https:\/\/rezekne.citro.lv\/ru\/wp-json\/wp\/v2\/product"}],"about":[{"href":"https:\/\/rezekne.citro.lv\/ru\/wp-json\/wp\/v2\/types\/product"}],"wp:featuredmedia":[{"embeddable":true,"href":"https:\/\/rezekne.citro.lv\/ru\/wp-json\/wp\/v2\/media\/60573"}],"wp:attachment":[{"href":"https:\/\/rezekne.citro.lv\/ru\/wp-json\/wp\/v2\/media?parent=34787"}],"wp:term":[{"taxonomy":"product_cat","embeddable":true,"href":"https:\/\/rezekne.citro.lv\/ru\/wp-json\/wp\/v2\/product_cat?post=34787"},{"taxonomy":"product_tag","embeddable":true,"href":"https:\/\/rezekne.citro.lv\/ru\/wp-json\/wp\/v2\/product_tag?post=34787"}],"curies":[{"name":"wp","href":"https:\/\/api.w.org\/{rel}","templated":true}]}}