{"id":34914,"date":"2026-03-26T01:18:37","date_gmt":"2026-03-25T23:18:37","guid":{"rendered":"https:\/\/rezekne.citro.psdev.lv\/veikals\/import-placeholder-for-2248\/"},"modified":"2026-04-02T06:13:21","modified_gmt":"2026-04-02T03:13:21","slug":"kafija-skistosa-merrild-gold-200g","status":"publish","type":"product","link":"https:\/\/rezekne.citro.lv\/ru\/product\/kafija-skistosa-merrild-gold-200g\/","title":{"rendered":"KAFIJA \u0160\u0136\u012aSTO\u0160\u0100 MERRILD GOLD 200G"},"content":{"rendered":"<p>Izcelsmes valsts: It\u0101lija<\/p>\n","protected":false},"excerpt":{"rendered":"<p>38.95 \u20ac\/KG<\/p>\n","protected":false},"featured_media":58711,"template":"","meta":{"_acf_changed":false,"inline_featured_image":false},"product_cat":[142,179],"product_tag":[],"acf":[],"aioseo_notices":[],"_links":{"self":[{"href":"https:\/\/rezekne.citro.lv\/ru\/wp-json\/wp\/v2\/product\/34914"}],"collection":[{"href":"https:\/\/rezekne.citro.lv\/ru\/wp-json\/wp\/v2\/product"}],"about":[{"href":"https:\/\/rezekne.citro.lv\/ru\/wp-json\/wp\/v2\/types\/product"}],"wp:featuredmedia":[{"embeddable":true,"href":"https:\/\/rezekne.citro.lv\/ru\/wp-json\/wp\/v2\/media\/58711"}],"wp:attachment":[{"href":"https:\/\/rezekne.citro.lv\/ru\/wp-json\/wp\/v2\/media?parent=34914"}],"wp:term":[{"taxonomy":"product_cat","embeddable":true,"href":"https:\/\/rezekne.citro.lv\/ru\/wp-json\/wp\/v2\/product_cat?post=34914"},{"taxonomy":"product_tag","embeddable":true,"href":"https:\/\/rezekne.citro.lv\/ru\/wp-json\/wp\/v2\/product_tag?post=34914"}],"curies":[{"name":"wp","href":"https:\/\/api.w.org\/{rel}","templated":true}]}}