{"id":35026,"date":"2026-03-11T00:02:22","date_gmt":"2026-03-10T22:02:22","guid":{"rendered":"https:\/\/rezekne.citro.psdev.lv\/veikals\/import-placeholder-for-2267\/"},"modified":"2026-04-26T06:27:48","modified_gmt":"2026-04-26T03:27:48","slug":"nujinas-surimi-ar-krabju-garsu-vici-dzesetas-300g","status":"publish","type":"product","link":"https:\/\/rezekne.citro.lv\/ru\/product\/nujinas-surimi-ar-krabju-garsu-vici-dzesetas-300g\/","title":{"rendered":"N\u016aJI\u0145AS SURIMI AR KRABJU GAR\u0160U VI\u010cI DZES\u0112TAS 300G"},"content":{"rendered":"<p>Izcelsmes valsts: Lietuva<\/p>\n","protected":false},"excerpt":{"rendered":"<p>13.30 \u20ac\/KG<\/p>\n","protected":false},"featured_media":35058,"template":"","meta":{"_acf_changed":false,"inline_featured_image":false},"product_cat":[135,136],"product_tag":[],"acf":[],"aioseo_notices":[],"_links":{"self":[{"href":"https:\/\/rezekne.citro.lv\/ru\/wp-json\/wp\/v2\/product\/35026"}],"collection":[{"href":"https:\/\/rezekne.citro.lv\/ru\/wp-json\/wp\/v2\/product"}],"about":[{"href":"https:\/\/rezekne.citro.lv\/ru\/wp-json\/wp\/v2\/types\/product"}],"wp:featuredmedia":[{"embeddable":true,"href":"https:\/\/rezekne.citro.lv\/ru\/wp-json\/wp\/v2\/media\/35058"}],"wp:attachment":[{"href":"https:\/\/rezekne.citro.lv\/ru\/wp-json\/wp\/v2\/media?parent=35026"}],"wp:term":[{"taxonomy":"product_cat","embeddable":true,"href":"https:\/\/rezekne.citro.lv\/ru\/wp-json\/wp\/v2\/product_cat?post=35026"},{"taxonomy":"product_tag","embeddable":true,"href":"https:\/\/rezekne.citro.lv\/ru\/wp-json\/wp\/v2\/product_tag?post=35026"}],"curies":[{"name":"wp","href":"https:\/\/api.w.org\/{rel}","templated":true}]}}