{"id":35156,"date":"2025-03-12T00:12:24","date_gmt":"2025-03-11T22:12:24","guid":{"rendered":"https:\/\/rezekne.citro.psdev.lv\/veikals\/import-placeholder-for-2303\/"},"modified":"2026-05-10T06:28:37","modified_gmt":"2026-05-10T03:28:37","slug":"salvetes-mitras-berniem-huggies-over-clean-56gab","status":"publish","type":"product","link":"https:\/\/rezekne.citro.lv\/ru\/product\/salvetes-mitras-berniem-huggies-over-clean-56gab\/","title":{"rendered":"SALVETES MITR\u0100S B\u0112RNIEM HUGGIES OVER CLEAN 56GAB."},"content":{"rendered":"<p>Izcelsmes valsts: Lielbrit\u0101nija<\/p>\n","protected":false},"excerpt":{"rendered":"<p>0.03 \u20ac\/GAB<\/p>\n","protected":false},"featured_media":35196,"template":"","meta":{"_acf_changed":false,"inline_featured_image":false},"product_cat":[172,189],"product_tag":[],"acf":[],"aioseo_notices":[],"_links":{"self":[{"href":"https:\/\/rezekne.citro.lv\/ru\/wp-json\/wp\/v2\/product\/35156"}],"collection":[{"href":"https:\/\/rezekne.citro.lv\/ru\/wp-json\/wp\/v2\/product"}],"about":[{"href":"https:\/\/rezekne.citro.lv\/ru\/wp-json\/wp\/v2\/types\/product"}],"wp:featuredmedia":[{"embeddable":true,"href":"https:\/\/rezekne.citro.lv\/ru\/wp-json\/wp\/v2\/media\/35196"}],"wp:attachment":[{"href":"https:\/\/rezekne.citro.lv\/ru\/wp-json\/wp\/v2\/media?parent=35156"}],"wp:term":[{"taxonomy":"product_cat","embeddable":true,"href":"https:\/\/rezekne.citro.lv\/ru\/wp-json\/wp\/v2\/product_cat?post=35156"},{"taxonomy":"product_tag","embeddable":true,"href":"https:\/\/rezekne.citro.lv\/ru\/wp-json\/wp\/v2\/product_tag?post=35156"}],"curies":[{"name":"wp","href":"https:\/\/api.w.org\/{rel}","templated":true}]}}