{"id":35178,"date":"2026-04-23T00:48:39","date_gmt":"2026-04-22T21:48:39","guid":{"rendered":"https:\/\/rezekne.citro.psdev.lv\/veikals\/import-placeholder-for-2326\/"},"modified":"2026-04-23T00:48:44","modified_gmt":"2026-04-22T21:48:44","slug":"zefirs-maigums-ar-vanilas-garsu-karba-185g","status":"publish","type":"product","link":"https:\/\/rezekne.citro.lv\/ru\/product\/zefirs-maigums-ar-vanilas-garsu-karba-185g\/","title":{"rendered":"ZEF\u012aRS MAIGUMS AR VANI\u013bAS GAR\u0160U K\u0100RB\u0100 185G"},"content":{"rendered":"<p>Izcelsmes valsts: Latvija<\/p>\n","protected":false},"excerpt":{"rendered":"<p>31.84 \u20ac\/KG<\/p>\n","protected":false},"featured_media":998,"template":"","meta":{"_acf_changed":false,"inline_featured_image":false},"product_cat":[125,207],"product_tag":[],"acf":[],"aioseo_notices":[],"_links":{"self":[{"href":"https:\/\/rezekne.citro.lv\/ru\/wp-json\/wp\/v2\/product\/35178"}],"collection":[{"href":"https:\/\/rezekne.citro.lv\/ru\/wp-json\/wp\/v2\/product"}],"about":[{"href":"https:\/\/rezekne.citro.lv\/ru\/wp-json\/wp\/v2\/types\/product"}],"wp:featuredmedia":[{"embeddable":true,"href":"https:\/\/rezekne.citro.lv\/ru\/wp-json\/wp\/v2\/media\/998"}],"wp:attachment":[{"href":"https:\/\/rezekne.citro.lv\/ru\/wp-json\/wp\/v2\/media?parent=35178"}],"wp:term":[{"taxonomy":"product_cat","embeddable":true,"href":"https:\/\/rezekne.citro.lv\/ru\/wp-json\/wp\/v2\/product_cat?post=35178"},{"taxonomy":"product_tag","embeddable":true,"href":"https:\/\/rezekne.citro.lv\/ru\/wp-json\/wp\/v2\/product_tag?post=35178"}],"curies":[{"name":"wp","href":"https:\/\/api.w.org\/{rel}","templated":true}]}}