{"id":35294,"date":"2026-04-23T01:17:47","date_gmt":"2026-04-22T22:17:47","guid":{"rendered":"https:\/\/rezekne.citro.psdev.lv\/veikals\/import-placeholder-for-2346\/"},"modified":"2026-04-26T06:28:28","modified_gmt":"2026-04-26T03:28:28","slug":"siers-euroser-mocarella-125g","status":"publish","type":"product","link":"https:\/\/rezekne.citro.lv\/ru\/product\/siers-euroser-mocarella-125g\/","title":{"rendered":"SIERS MOCARELLA 125G FORMAGIA"},"content":{"rendered":"<p>Izcelsmes valsts: V\u0101cija<br \/>\nRa\u017eot\u0101js Trik\u0101tas uzglab\u0101\u0161anas temp.+2-+6C<\/p>\n","protected":false},"excerpt":{"rendered":"<p>7.12 \u20ac\/KG<\/p>\n","protected":false},"featured_media":91510,"template":"","meta":{"_acf_changed":false,"inline_featured_image":false},"product_cat":[95,225,535],"product_tag":[],"acf":[],"aioseo_notices":[],"_links":{"self":[{"href":"https:\/\/rezekne.citro.lv\/ru\/wp-json\/wp\/v2\/product\/35294"}],"collection":[{"href":"https:\/\/rezekne.citro.lv\/ru\/wp-json\/wp\/v2\/product"}],"about":[{"href":"https:\/\/rezekne.citro.lv\/ru\/wp-json\/wp\/v2\/types\/product"}],"wp:featuredmedia":[{"embeddable":true,"href":"https:\/\/rezekne.citro.lv\/ru\/wp-json\/wp\/v2\/media\/91510"}],"wp:attachment":[{"href":"https:\/\/rezekne.citro.lv\/ru\/wp-json\/wp\/v2\/media?parent=35294"}],"wp:term":[{"taxonomy":"product_cat","embeddable":true,"href":"https:\/\/rezekne.citro.lv\/ru\/wp-json\/wp\/v2\/product_cat?post=35294"},{"taxonomy":"product_tag","embeddable":true,"href":"https:\/\/rezekne.citro.lv\/ru\/wp-json\/wp\/v2\/product_tag?post=35294"}],"curies":[{"name":"wp","href":"https:\/\/api.w.org\/{rel}","templated":true}]}}