{"id":35296,"date":"2026-02-26T01:01:42","date_gmt":"2026-02-25T23:01:42","guid":{"rendered":"https:\/\/rezekne.citro.psdev.lv\/veikals\/import-placeholder-for-2348\/"},"modified":"2026-04-06T06:26:25","modified_gmt":"2026-04-06T03:26:25","slug":"ella-saulespuku-floriol-1l","status":"publish","type":"product","link":"https:\/\/rezekne.citro.lv\/ru\/product\/ella-saulespuku-floriol-1l\/","title":{"rendered":"E\u013b\u013bA SAULESPU\u0136U FLORIOL 1L"},"content":{"rendered":"<p>Izcelsmes valsts: Ung\u0101rija<\/p>\n","protected":false},"excerpt":{"rendered":"<p>3.99 \u20ac\/L<\/p>\n","protected":false},"featured_media":82030,"template":"","meta":{"_acf_changed":false,"inline_featured_image":false},"product_cat":[116,164],"product_tag":[],"acf":[],"aioseo_notices":[],"_links":{"self":[{"href":"https:\/\/rezekne.citro.lv\/ru\/wp-json\/wp\/v2\/product\/35296"}],"collection":[{"href":"https:\/\/rezekne.citro.lv\/ru\/wp-json\/wp\/v2\/product"}],"about":[{"href":"https:\/\/rezekne.citro.lv\/ru\/wp-json\/wp\/v2\/types\/product"}],"wp:featuredmedia":[{"embeddable":true,"href":"https:\/\/rezekne.citro.lv\/ru\/wp-json\/wp\/v2\/media\/82030"}],"wp:attachment":[{"href":"https:\/\/rezekne.citro.lv\/ru\/wp-json\/wp\/v2\/media?parent=35296"}],"wp:term":[{"taxonomy":"product_cat","embeddable":true,"href":"https:\/\/rezekne.citro.lv\/ru\/wp-json\/wp\/v2\/product_cat?post=35296"},{"taxonomy":"product_tag","embeddable":true,"href":"https:\/\/rezekne.citro.lv\/ru\/wp-json\/wp\/v2\/product_tag?post=35296"}],"curies":[{"name":"wp","href":"https:\/\/api.w.org\/{rel}","templated":true}]}}