{"id":35305,"date":"2026-04-23T00:48:16","date_gmt":"2026-04-22T21:48:16","guid":{"rendered":"https:\/\/rezekne.citro.psdev.lv\/veikals\/import-placeholder-for-2357\/"},"modified":"2026-04-30T06:10:43","modified_gmt":"2026-04-30T03:10:43","slug":"desa-salami-varita-vasalu-skeles-noo-cepeskungs-105g","status":"publish","type":"product","link":"https:\/\/rezekne.citro.lv\/ru\/product\/desa-salami-varita-vasalu-skeles-noo-cepeskungs-105g\/","title":{"rendered":"DESA SALAMI V\u0100R\u012aT\u0100 VASA\u013bU \u0160\u0136\u0112L\u0112S NOO CEPE\u0160KUNGS 105G"},"content":{"rendered":"<p>Izcelsmes valsts: Igaunija<\/p>\n","protected":false},"excerpt":{"rendered":"<p>15.71 \u20ac\/KG<\/p>\n","protected":false},"featured_media":77782,"template":"","meta":{"_acf_changed":false,"inline_featured_image":false},"product_cat":[135,178],"product_tag":[],"acf":[],"aioseo_notices":[],"_links":{"self":[{"href":"https:\/\/rezekne.citro.lv\/ru\/wp-json\/wp\/v2\/product\/35305"}],"collection":[{"href":"https:\/\/rezekne.citro.lv\/ru\/wp-json\/wp\/v2\/product"}],"about":[{"href":"https:\/\/rezekne.citro.lv\/ru\/wp-json\/wp\/v2\/types\/product"}],"wp:featuredmedia":[{"embeddable":true,"href":"https:\/\/rezekne.citro.lv\/ru\/wp-json\/wp\/v2\/media\/77782"}],"wp:attachment":[{"href":"https:\/\/rezekne.citro.lv\/ru\/wp-json\/wp\/v2\/media?parent=35305"}],"wp:term":[{"taxonomy":"product_cat","embeddable":true,"href":"https:\/\/rezekne.citro.lv\/ru\/wp-json\/wp\/v2\/product_cat?post=35305"},{"taxonomy":"product_tag","embeddable":true,"href":"https:\/\/rezekne.citro.lv\/ru\/wp-json\/wp\/v2\/product_tag?post=35305"}],"curies":[{"name":"wp","href":"https:\/\/api.w.org\/{rel}","templated":true}]}}