{"id":35398,"date":"2025-12-04T00:48:11","date_gmt":"2025-12-03T22:48:11","guid":{"rendered":"https:\/\/rezekne.citro.psdev.lv\/veikals\/import-placeholder-for-2360\/"},"modified":"2026-04-27T06:11:18","modified_gmt":"2026-04-27T03:11:18","slug":"gurki-marineti-muizkungu-1kg-500g","status":"publish","type":"product","link":"https:\/\/rezekne.citro.lv\/ru\/product\/gurki-marineti-muizkungu-1kg-500g\/","title":{"rendered":"GUR\u0136I MARIN\u0112TI MUI\u017dKUNGU 1KG\/500G"},"content":{"rendered":"<p>Izcelsmes valsts: Ukraina<\/p>\n","protected":false},"excerpt":{"rendered":"<p>5.98 \u20ac\/KG<\/p>\n","protected":false},"featured_media":35430,"template":"","meta":{"_acf_changed":false,"inline_featured_image":false},"product_cat":[103,140],"product_tag":[],"acf":[],"aioseo_notices":[],"_links":{"self":[{"href":"https:\/\/rezekne.citro.lv\/ru\/wp-json\/wp\/v2\/product\/35398"}],"collection":[{"href":"https:\/\/rezekne.citro.lv\/ru\/wp-json\/wp\/v2\/product"}],"about":[{"href":"https:\/\/rezekne.citro.lv\/ru\/wp-json\/wp\/v2\/types\/product"}],"wp:featuredmedia":[{"embeddable":true,"href":"https:\/\/rezekne.citro.lv\/ru\/wp-json\/wp\/v2\/media\/35430"}],"wp:attachment":[{"href":"https:\/\/rezekne.citro.lv\/ru\/wp-json\/wp\/v2\/media?parent=35398"}],"wp:term":[{"taxonomy":"product_cat","embeddable":true,"href":"https:\/\/rezekne.citro.lv\/ru\/wp-json\/wp\/v2\/product_cat?post=35398"},{"taxonomy":"product_tag","embeddable":true,"href":"https:\/\/rezekne.citro.lv\/ru\/wp-json\/wp\/v2\/product_tag?post=35398"}],"curies":[{"name":"wp","href":"https:\/\/api.w.org\/{rel}","templated":true}]}}