{"id":35404,"date":"2026-03-26T01:03:48","date_gmt":"2026-03-25T23:03:48","guid":{"rendered":"https:\/\/rezekne.citro.psdev.lv\/veikals\/import-placeholder-for-2367\/"},"modified":"2026-04-10T06:28:01","modified_gmt":"2026-04-10T03:28:01","slug":"salati-ensalada-ar-surimi-nujinam-un-darzeniem-vici-400g","status":"publish","type":"product","link":"https:\/\/rezekne.citro.lv\/ru\/product\/salati-ensalada-ar-surimi-nujinam-un-darzeniem-vici-400g\/","title":{"rendered":"SAL\u0100TI ENSALADA AR SURIMI N\u016aJI\u0145\u0100M UN D\u0100RZE\u0145IEM VI\u010cI 400G"},"content":{"rendered":"<p>Izcelsmes valsts: Lietuva<\/p>\n","protected":false},"excerpt":{"rendered":"<p>6.23 \u20ac\/KG<\/p>\n","protected":false},"featured_media":70783,"template":"","meta":{"_acf_changed":false,"inline_featured_image":false},"product_cat":[135,136],"product_tag":[],"acf":[],"aioseo_notices":[],"_links":{"self":[{"href":"https:\/\/rezekne.citro.lv\/ru\/wp-json\/wp\/v2\/product\/35404"}],"collection":[{"href":"https:\/\/rezekne.citro.lv\/ru\/wp-json\/wp\/v2\/product"}],"about":[{"href":"https:\/\/rezekne.citro.lv\/ru\/wp-json\/wp\/v2\/types\/product"}],"wp:featuredmedia":[{"embeddable":true,"href":"https:\/\/rezekne.citro.lv\/ru\/wp-json\/wp\/v2\/media\/70783"}],"wp:attachment":[{"href":"https:\/\/rezekne.citro.lv\/ru\/wp-json\/wp\/v2\/media?parent=35404"}],"wp:term":[{"taxonomy":"product_cat","embeddable":true,"href":"https:\/\/rezekne.citro.lv\/ru\/wp-json\/wp\/v2\/product_cat?post=35404"},{"taxonomy":"product_tag","embeddable":true,"href":"https:\/\/rezekne.citro.lv\/ru\/wp-json\/wp\/v2\/product_tag?post=35404"}],"curies":[{"name":"wp","href":"https:\/\/api.w.org\/{rel}","templated":true}]}}