{"id":35408,"date":"2026-04-23T01:15:28","date_gmt":"2026-04-22T22:15:28","guid":{"rendered":"https:\/\/rezekne.citro.psdev.lv\/veikals\/import-placeholder-for-2371\/"},"modified":"2026-05-04T06:27:06","modified_gmt":"2026-05-04T03:27:06","slug":"gala-surimi-ar-krabju-garsu-balta-snow-crab-120g-vici","status":"publish","type":"product","link":"https:\/\/rezekne.citro.lv\/ru\/product\/gala-surimi-ar-krabju-garsu-balta-snow-crab-120g-vici\/","title":{"rendered":"GA\u013bA SURIMI AR KRABJU GAR\u0160U BALT\u0100 SNOW CRAB 120G VI\u010cI"},"content":{"rendered":"<p>Izcelsmes valsts: Lietuva<\/p>\n","protected":false},"excerpt":{"rendered":"<p>16.58 \u20ac\/KG<\/p>\n","protected":false},"featured_media":35462,"template":"","meta":{"_acf_changed":false,"inline_featured_image":false},"product_cat":[135,136],"product_tag":[],"acf":[],"aioseo_notices":[],"_links":{"self":[{"href":"https:\/\/rezekne.citro.lv\/ru\/wp-json\/wp\/v2\/product\/35408"}],"collection":[{"href":"https:\/\/rezekne.citro.lv\/ru\/wp-json\/wp\/v2\/product"}],"about":[{"href":"https:\/\/rezekne.citro.lv\/ru\/wp-json\/wp\/v2\/types\/product"}],"wp:featuredmedia":[{"embeddable":true,"href":"https:\/\/rezekne.citro.lv\/ru\/wp-json\/wp\/v2\/media\/35462"}],"wp:attachment":[{"href":"https:\/\/rezekne.citro.lv\/ru\/wp-json\/wp\/v2\/media?parent=35408"}],"wp:term":[{"taxonomy":"product_cat","embeddable":true,"href":"https:\/\/rezekne.citro.lv\/ru\/wp-json\/wp\/v2\/product_cat?post=35408"},{"taxonomy":"product_tag","embeddable":true,"href":"https:\/\/rezekne.citro.lv\/ru\/wp-json\/wp\/v2\/product_tag?post=35408"}],"curies":[{"name":"wp","href":"https:\/\/api.w.org\/{rel}","templated":true}]}}