{"id":35415,"date":"2026-03-26T01:04:08","date_gmt":"2026-03-25T23:04:08","guid":{"rendered":"https:\/\/rezekne.citro.psdev.lv\/veikals\/import-placeholder-for-2378\/"},"modified":"2026-04-07T06:10:49","modified_gmt":"2026-04-07T03:10:49","slug":"sulas-dzeriens-elmenhorster-abolu-kirsu-14-2l","status":"publish","type":"product","link":"https:\/\/rezekne.citro.lv\/ru\/product\/sulas-dzeriens-elmenhorster-abolu-kirsu-14-2l\/","title":{"rendered":"SULAS DZ\u0112RIENS ELMENHORSTER \u0100BOLU-\u0136IR\u0160U 14% 2L"},"content":{"rendered":"<p>Izcelsmes valsts: Lietuva<\/p>\n","protected":false},"excerpt":{"rendered":"<p>0.95 \u20ac\/L<\/p>\n","protected":false},"featured_media":35484,"template":"","meta":{"_acf_changed":false,"inline_featured_image":false},"product_cat":[106,124],"product_tag":[],"acf":[],"aioseo_notices":[],"_links":{"self":[{"href":"https:\/\/rezekne.citro.lv\/ru\/wp-json\/wp\/v2\/product\/35415"}],"collection":[{"href":"https:\/\/rezekne.citro.lv\/ru\/wp-json\/wp\/v2\/product"}],"about":[{"href":"https:\/\/rezekne.citro.lv\/ru\/wp-json\/wp\/v2\/types\/product"}],"wp:featuredmedia":[{"embeddable":true,"href":"https:\/\/rezekne.citro.lv\/ru\/wp-json\/wp\/v2\/media\/35484"}],"wp:attachment":[{"href":"https:\/\/rezekne.citro.lv\/ru\/wp-json\/wp\/v2\/media?parent=35415"}],"wp:term":[{"taxonomy":"product_cat","embeddable":true,"href":"https:\/\/rezekne.citro.lv\/ru\/wp-json\/wp\/v2\/product_cat?post=35415"},{"taxonomy":"product_tag","embeddable":true,"href":"https:\/\/rezekne.citro.lv\/ru\/wp-json\/wp\/v2\/product_tag?post=35415"}],"curies":[{"name":"wp","href":"https:\/\/api.w.org\/{rel}","templated":true}]}}