{"id":35420,"date":"2026-04-09T00:15:17","date_gmt":"2026-04-08T21:15:17","guid":{"rendered":"https:\/\/rezekne.citro.psdev.lv\/veikals\/import-placeholder-for-2383\/"},"modified":"2026-05-05T06:04:30","modified_gmt":"2026-05-05T03:04:30","slug":"zupa-podravka-ar-nudelem-kokosa-62g","status":"publish","type":"product","link":"https:\/\/rezekne.citro.lv\/ru\/product\/zupa-podravka-ar-nudelem-kokosa-62g\/","title":{"rendered":"ZUPA PODRAVKA AR N\u016aDEL\u0112M KOKO\u0160A 62G"},"content":{"rendered":"<p>Izcelsmes valsts: Horv\u0101tija<\/p>\n","protected":false},"excerpt":{"rendered":"<p>9.52 \u20ac\/KG<\/p>\n","protected":false},"featured_media":35499,"template":"","meta":{"_acf_changed":false,"inline_featured_image":false},"product_cat":[111,138],"product_tag":[],"acf":[],"aioseo_notices":[],"_links":{"self":[{"href":"https:\/\/rezekne.citro.lv\/ru\/wp-json\/wp\/v2\/product\/35420"}],"collection":[{"href":"https:\/\/rezekne.citro.lv\/ru\/wp-json\/wp\/v2\/product"}],"about":[{"href":"https:\/\/rezekne.citro.lv\/ru\/wp-json\/wp\/v2\/types\/product"}],"wp:featuredmedia":[{"embeddable":true,"href":"https:\/\/rezekne.citro.lv\/ru\/wp-json\/wp\/v2\/media\/35499"}],"wp:attachment":[{"href":"https:\/\/rezekne.citro.lv\/ru\/wp-json\/wp\/v2\/media?parent=35420"}],"wp:term":[{"taxonomy":"product_cat","embeddable":true,"href":"https:\/\/rezekne.citro.lv\/ru\/wp-json\/wp\/v2\/product_cat?post=35420"},{"taxonomy":"product_tag","embeddable":true,"href":"https:\/\/rezekne.citro.lv\/ru\/wp-json\/wp\/v2\/product_tag?post=35420"}],"curies":[{"name":"wp","href":"https:\/\/api.w.org\/{rel}","templated":true}]}}