{"id":35424,"date":"2026-03-26T00:46:41","date_gmt":"2026-03-25T22:46:41","guid":{"rendered":"https:\/\/rezekne.citro.psdev.lv\/veikals\/import-placeholder-for-2387\/"},"modified":"2026-04-12T06:10:46","modified_gmt":"2026-04-12T03:10:46","slug":"bekons-amerikanu-gaume-auksti-kupinats-150g-hkscan","status":"publish","type":"product","link":"https:\/\/rezekne.citro.lv\/ru\/product\/bekons-amerikanu-gaume-auksti-kupinats-150g-hkscan\/","title":{"rendered":"BEKONS AMERIK\u0100\u0145U GAUM\u0112 AUKSTI K\u016aPIN\u0100TS 150G HKSCAN"},"content":{"rendered":"<p>Izcelsmes valsts: Polija<\/p>\n","protected":false},"excerpt":{"rendered":"<p>17.67 \u20ac\/KG<\/p>\n","protected":false},"featured_media":35511,"template":"","meta":{"_acf_changed":false,"inline_featured_image":false},"product_cat":[135,174],"product_tag":[],"acf":[],"aioseo_notices":[],"_links":{"self":[{"href":"https:\/\/rezekne.citro.lv\/ru\/wp-json\/wp\/v2\/product\/35424"}],"collection":[{"href":"https:\/\/rezekne.citro.lv\/ru\/wp-json\/wp\/v2\/product"}],"about":[{"href":"https:\/\/rezekne.citro.lv\/ru\/wp-json\/wp\/v2\/types\/product"}],"wp:featuredmedia":[{"embeddable":true,"href":"https:\/\/rezekne.citro.lv\/ru\/wp-json\/wp\/v2\/media\/35511"}],"wp:attachment":[{"href":"https:\/\/rezekne.citro.lv\/ru\/wp-json\/wp\/v2\/media?parent=35424"}],"wp:term":[{"taxonomy":"product_cat","embeddable":true,"href":"https:\/\/rezekne.citro.lv\/ru\/wp-json\/wp\/v2\/product_cat?post=35424"},{"taxonomy":"product_tag","embeddable":true,"href":"https:\/\/rezekne.citro.lv\/ru\/wp-json\/wp\/v2\/product_tag?post=35424"}],"curies":[{"name":"wp","href":"https:\/\/api.w.org\/{rel}","templated":true}]}}