{"id":35520,"date":"2020-12-04T18:47:00","date_gmt":"2020-12-04T15:47:00","guid":{"rendered":"https:\/\/rezekne.citro.psdev.lv\/veikals\/import-placeholder-for-2390\/"},"modified":"2020-12-04T18:47:03","modified_gmt":"2020-12-04T15:47:03","slug":"karbonade-kupinata-fas-gpu-nakotne","status":"publish","type":"product","link":"https:\/\/rezekne.citro.lv\/ru\/product\/karbonade-kupinata-fas-gpu-nakotne\/","title":{"rendered":"KARBON\u0100DE K\u016aPIN\u0100TA FAS. GPU N\u0100KOTNE"},"content":{"rendered":"","protected":false},"excerpt":{"rendered":"<p>8.39\u20ac\/kg<\/p>\n","protected":false},"featured_media":35550,"template":"","meta":{"_acf_changed":false,"inline_featured_image":false},"product_cat":[135,174],"product_tag":[],"acf":[],"aioseo_notices":[],"_links":{"self":[{"href":"https:\/\/rezekne.citro.lv\/ru\/wp-json\/wp\/v2\/product\/35520"}],"collection":[{"href":"https:\/\/rezekne.citro.lv\/ru\/wp-json\/wp\/v2\/product"}],"about":[{"href":"https:\/\/rezekne.citro.lv\/ru\/wp-json\/wp\/v2\/types\/product"}],"wp:featuredmedia":[{"embeddable":true,"href":"https:\/\/rezekne.citro.lv\/ru\/wp-json\/wp\/v2\/media\/35550"}],"wp:attachment":[{"href":"https:\/\/rezekne.citro.lv\/ru\/wp-json\/wp\/v2\/media?parent=35520"}],"wp:term":[{"taxonomy":"product_cat","embeddable":true,"href":"https:\/\/rezekne.citro.lv\/ru\/wp-json\/wp\/v2\/product_cat?post=35520"},{"taxonomy":"product_tag","embeddable":true,"href":"https:\/\/rezekne.citro.lv\/ru\/wp-json\/wp\/v2\/product_tag?post=35520"}],"curies":[{"name":"wp","href":"https:\/\/api.w.org\/{rel}","templated":true}]}}