{"id":35524,"date":"2026-03-10T00:02:48","date_gmt":"2026-03-09T22:02:48","guid":{"rendered":"https:\/\/rezekne.citro.psdev.lv\/veikals\/import-placeholder-for-2394\/"},"modified":"2026-05-01T06:12:49","modified_gmt":"2026-05-01T03:12:49","slug":"sausini-ar-rozinem-big-pack-500g","status":"publish","type":"product","link":"https:\/\/rezekne.citro.lv\/ru\/product\/sausini-ar-rozinem-big-pack-500g\/","title":{"rendered":"SAUSI\u0145I AR ROZ\u012aN\u0112M BIG PACK 500G"},"content":{"rendered":"<p>Izcelsmes valsts: Latvija<\/p>\n","protected":false},"excerpt":{"rendered":"<p>5.78 \u20ac\/KG<\/p>\n","protected":false},"featured_media":35562,"template":"","meta":{"_acf_changed":false,"inline_featured_image":false},"product_cat":[215,563],"product_tag":[],"acf":[],"aioseo_notices":[],"_links":{"self":[{"href":"https:\/\/rezekne.citro.lv\/ru\/wp-json\/wp\/v2\/product\/35524"}],"collection":[{"href":"https:\/\/rezekne.citro.lv\/ru\/wp-json\/wp\/v2\/product"}],"about":[{"href":"https:\/\/rezekne.citro.lv\/ru\/wp-json\/wp\/v2\/types\/product"}],"wp:featuredmedia":[{"embeddable":true,"href":"https:\/\/rezekne.citro.lv\/ru\/wp-json\/wp\/v2\/media\/35562"}],"wp:attachment":[{"href":"https:\/\/rezekne.citro.lv\/ru\/wp-json\/wp\/v2\/media?parent=35524"}],"wp:term":[{"taxonomy":"product_cat","embeddable":true,"href":"https:\/\/rezekne.citro.lv\/ru\/wp-json\/wp\/v2\/product_cat?post=35524"},{"taxonomy":"product_tag","embeddable":true,"href":"https:\/\/rezekne.citro.lv\/ru\/wp-json\/wp\/v2\/product_tag?post=35524"}],"curies":[{"name":"wp","href":"https:\/\/api.w.org\/{rel}","templated":true}]}}