{"id":35532,"date":"2026-02-26T00:48:55","date_gmt":"2026-02-25T22:48:55","guid":{"rendered":"https:\/\/rezekne.citro.psdev.lv\/veikals\/import-placeholder-for-2403\/"},"modified":"2026-05-02T06:27:24","modified_gmt":"2026-05-02T03:27:24","slug":"konservi-bretlinas-tomatu-merce-eo-240g-144g-brasla","status":"publish","type":"product","link":"https:\/\/rezekne.citro.lv\/ru\/product\/konservi-bretlinas-tomatu-merce-eo-240g-144g-brasla\/","title":{"rendered":"KONSERVI BR\u0112TLI\u0145AS TOM\u0100TU M\u0112RC\u0112 EO 240G\/144G BRASLA"},"content":{"rendered":"<p>Izcelsmes valsts: Latvija<\/p>\n","protected":false},"excerpt":{"rendered":"<p>6.88 \u20ac\/KG<\/p>\n","protected":false},"featured_media":35586,"template":"","meta":{"_acf_changed":false,"inline_featured_image":false},"product_cat":[135,136],"product_tag":[],"acf":[],"aioseo_notices":[],"_links":{"self":[{"href":"https:\/\/rezekne.citro.lv\/ru\/wp-json\/wp\/v2\/product\/35532"}],"collection":[{"href":"https:\/\/rezekne.citro.lv\/ru\/wp-json\/wp\/v2\/product"}],"about":[{"href":"https:\/\/rezekne.citro.lv\/ru\/wp-json\/wp\/v2\/types\/product"}],"wp:featuredmedia":[{"embeddable":true,"href":"https:\/\/rezekne.citro.lv\/ru\/wp-json\/wp\/v2\/media\/35586"}],"wp:attachment":[{"href":"https:\/\/rezekne.citro.lv\/ru\/wp-json\/wp\/v2\/media?parent=35532"}],"wp:term":[{"taxonomy":"product_cat","embeddable":true,"href":"https:\/\/rezekne.citro.lv\/ru\/wp-json\/wp\/v2\/product_cat?post=35532"},{"taxonomy":"product_tag","embeddable":true,"href":"https:\/\/rezekne.citro.lv\/ru\/wp-json\/wp\/v2\/product_tag?post=35532"}],"curies":[{"name":"wp","href":"https:\/\/api.w.org\/{rel}","templated":true}]}}