{"id":35540,"date":"2026-03-26T01:02:30","date_gmt":"2026-03-25T23:02:30","guid":{"rendered":"https:\/\/rezekne.citro.psdev.lv\/veikals\/import-placeholder-for-2412\/"},"modified":"2026-03-30T06:11:44","modified_gmt":"2026-03-30T03:11:44","slug":"cukgala-cepsanai-kiploku-merce-500g-rgk","status":"publish","type":"product","link":"https:\/\/rezekne.citro.lv\/ru\/product\/cukgala-cepsanai-kiploku-merce-500g-rgk\/","title":{"rendered":"C\u016aKGA\u013bA CEP\u0160ANAI \u0136IPLOKU M\u0112RC\u0112 500G RGK"},"content":{"rendered":"<p>Izcelsmes valsts: Latvija<\/p>\n","protected":false},"excerpt":{"rendered":"<p>8.58 \u20ac\/KG<\/p>\n","protected":false},"featured_media":61760,"template":"","meta":{"_acf_changed":false,"inline_featured_image":false},"product_cat":[135,182],"product_tag":[],"acf":[],"aioseo_notices":[],"_links":{"self":[{"href":"https:\/\/rezekne.citro.lv\/ru\/wp-json\/wp\/v2\/product\/35540"}],"collection":[{"href":"https:\/\/rezekne.citro.lv\/ru\/wp-json\/wp\/v2\/product"}],"about":[{"href":"https:\/\/rezekne.citro.lv\/ru\/wp-json\/wp\/v2\/types\/product"}],"wp:featuredmedia":[{"embeddable":true,"href":"https:\/\/rezekne.citro.lv\/ru\/wp-json\/wp\/v2\/media\/61760"}],"wp:attachment":[{"href":"https:\/\/rezekne.citro.lv\/ru\/wp-json\/wp\/v2\/media?parent=35540"}],"wp:term":[{"taxonomy":"product_cat","embeddable":true,"href":"https:\/\/rezekne.citro.lv\/ru\/wp-json\/wp\/v2\/product_cat?post=35540"},{"taxonomy":"product_tag","embeddable":true,"href":"https:\/\/rezekne.citro.lv\/ru\/wp-json\/wp\/v2\/product_tag?post=35540"}],"curies":[{"name":"wp","href":"https:\/\/api.w.org\/{rel}","templated":true}]}}