{"id":35543,"date":"2026-02-12T00:06:14","date_gmt":"2026-02-11T22:06:14","guid":{"rendered":"https:\/\/rezekne.citro.psdev.lv\/veikals\/import-placeholder-for-2415\/"},"modified":"2026-04-22T06:25:44","modified_gmt":"2026-04-22T03:25:44","slug":"trauku-mazgasanas-lidzeklis-fairy-lemon-450ml","status":"publish","type":"product","link":"https:\/\/rezekne.citro.lv\/ru\/product\/trauku-mazgasanas-lidzeklis-fairy-lemon-450ml\/","title":{"rendered":"TRAUKU MAZG\u0100\u0160ANAS L\u012aDZEKLIS FAIRY LEMON 450ML"},"content":{"rendered":"","protected":false},"excerpt":{"rendered":"<p>4.42 \u20ac\/L<\/p>\n","protected":false},"featured_media":62505,"template":"","meta":{"_acf_changed":false,"inline_featured_image":false},"product_cat":[131,169],"product_tag":[],"acf":[],"aioseo_notices":[],"_links":{"self":[{"href":"https:\/\/rezekne.citro.lv\/ru\/wp-json\/wp\/v2\/product\/35543"}],"collection":[{"href":"https:\/\/rezekne.citro.lv\/ru\/wp-json\/wp\/v2\/product"}],"about":[{"href":"https:\/\/rezekne.citro.lv\/ru\/wp-json\/wp\/v2\/types\/product"}],"wp:featuredmedia":[{"embeddable":true,"href":"https:\/\/rezekne.citro.lv\/ru\/wp-json\/wp\/v2\/media\/62505"}],"wp:attachment":[{"href":"https:\/\/rezekne.citro.lv\/ru\/wp-json\/wp\/v2\/media?parent=35543"}],"wp:term":[{"taxonomy":"product_cat","embeddable":true,"href":"https:\/\/rezekne.citro.lv\/ru\/wp-json\/wp\/v2\/product_cat?post=35543"},{"taxonomy":"product_tag","embeddable":true,"href":"https:\/\/rezekne.citro.lv\/ru\/wp-json\/wp\/v2\/product_tag?post=35543"}],"curies":[{"name":"wp","href":"https:\/\/api.w.org\/{rel}","templated":true}]}}