{"id":35761,"date":"2026-04-08T00:02:09","date_gmt":"2026-04-07T21:02:09","guid":{"rendered":"https:\/\/rezekne.citro.psdev.lv\/veikals\/import-placeholder-for-2453\/"},"modified":"2026-04-26T06:27:24","modified_gmt":"2026-04-26T03:27:24","slug":"konservi-makrele-tomatu-merce-eo-brasla-240g-144g","status":"publish","type":"product","link":"https:\/\/rezekne.citro.lv\/ru\/product\/konservi-makrele-tomatu-merce-eo-brasla-240g-144g\/","title":{"rendered":"KONSERVI MAKRELE TOM\u0100TU M\u0112RC\u0112 EO BRASLA 240G\/144G"},"content":{"rendered":"<p>Izcelsmes valsts: Latvija<\/p>\n","protected":false},"excerpt":{"rendered":"<p>11.74 \u20ac\/KG<\/p>\n","protected":false},"featured_media":35793,"template":"","meta":{"_acf_changed":false,"inline_featured_image":false},"product_cat":[135,136],"product_tag":[],"acf":[],"aioseo_notices":[],"_links":{"self":[{"href":"https:\/\/rezekne.citro.lv\/ru\/wp-json\/wp\/v2\/product\/35761"}],"collection":[{"href":"https:\/\/rezekne.citro.lv\/ru\/wp-json\/wp\/v2\/product"}],"about":[{"href":"https:\/\/rezekne.citro.lv\/ru\/wp-json\/wp\/v2\/types\/product"}],"wp:featuredmedia":[{"embeddable":true,"href":"https:\/\/rezekne.citro.lv\/ru\/wp-json\/wp\/v2\/media\/35793"}],"wp:attachment":[{"href":"https:\/\/rezekne.citro.lv\/ru\/wp-json\/wp\/v2\/media?parent=35761"}],"wp:term":[{"taxonomy":"product_cat","embeddable":true,"href":"https:\/\/rezekne.citro.lv\/ru\/wp-json\/wp\/v2\/product_cat?post=35761"},{"taxonomy":"product_tag","embeddable":true,"href":"https:\/\/rezekne.citro.lv\/ru\/wp-json\/wp\/v2\/product_tag?post=35761"}],"curies":[{"name":"wp","href":"https:\/\/api.w.org\/{rel}","templated":true}]}}