{"id":35763,"date":"2026-04-23T00:03:06","date_gmt":"2026-04-22T21:03:06","guid":{"rendered":"https:\/\/rezekne.citro.psdev.lv\/veikals\/import-placeholder-for-2455\/"},"modified":"2026-05-04T06:00:25","modified_gmt":"2026-05-04T03:00:25","slug":"senes-sampinjoni-kons-marineti-obrako-280g-170g","status":"publish","type":"product","link":"https:\/\/rezekne.citro.lv\/ru\/product\/senes-sampinjoni-kons-marineti-obrako-280g-170g\/","title":{"rendered":"S\u0112NES \u0160AMPINJONI KONS.MARIN\u0112TI OBRAKO 280G\/170G"},"content":{"rendered":"","protected":false},"excerpt":{"rendered":"<p>11.71 \u20ac\/KG<\/p>\n","protected":false},"featured_media":1816,"template":"","meta":{"_acf_changed":false,"inline_featured_image":false},"product_cat":[103,137],"product_tag":[],"acf":[],"aioseo_notices":[],"_links":{"self":[{"href":"https:\/\/rezekne.citro.lv\/ru\/wp-json\/wp\/v2\/product\/35763"}],"collection":[{"href":"https:\/\/rezekne.citro.lv\/ru\/wp-json\/wp\/v2\/product"}],"about":[{"href":"https:\/\/rezekne.citro.lv\/ru\/wp-json\/wp\/v2\/types\/product"}],"wp:featuredmedia":[{"embeddable":true,"href":"https:\/\/rezekne.citro.lv\/ru\/wp-json\/wp\/v2\/media\/1816"}],"wp:attachment":[{"href":"https:\/\/rezekne.citro.lv\/ru\/wp-json\/wp\/v2\/media?parent=35763"}],"wp:term":[{"taxonomy":"product_cat","embeddable":true,"href":"https:\/\/rezekne.citro.lv\/ru\/wp-json\/wp\/v2\/product_cat?post=35763"},{"taxonomy":"product_tag","embeddable":true,"href":"https:\/\/rezekne.citro.lv\/ru\/wp-json\/wp\/v2\/product_tag?post=35763"}],"curies":[{"name":"wp","href":"https:\/\/api.w.org\/{rel}","templated":true}]}}