{"id":35781,"date":"2025-10-09T03:31:52","date_gmt":"2025-10-09T00:31:52","guid":{"rendered":"https:\/\/rezekne.citro.psdev.lv\/veikals\/import-placeholder-for-2473\/"},"modified":"2026-04-06T06:25:52","modified_gmt":"2026-04-06T03:25:52","slug":"olivas-zalas-b-k-kok-300g-110g","status":"publish","type":"product","link":"https:\/\/rezekne.citro.lv\/ru\/product\/olivas-zalas-b-k-kok-300g-110g\/","title":{"rendered":"OL\u012aVAS ZA\u013b\u0100S B\/K KOK 300G\/110G"},"content":{"rendered":"<p>Izcelsmes valsts: Sp\u0101nija<\/p>\n","protected":false},"excerpt":{"rendered":"<p>14.09 \u20ac\/KG<\/p>\n","protected":false},"featured_media":35853,"template":"","meta":{"_acf_changed":false,"inline_featured_image":false},"product_cat":[103,137],"product_tag":[],"acf":[],"aioseo_notices":[],"_links":{"self":[{"href":"https:\/\/rezekne.citro.lv\/ru\/wp-json\/wp\/v2\/product\/35781"}],"collection":[{"href":"https:\/\/rezekne.citro.lv\/ru\/wp-json\/wp\/v2\/product"}],"about":[{"href":"https:\/\/rezekne.citro.lv\/ru\/wp-json\/wp\/v2\/types\/product"}],"wp:featuredmedia":[{"embeddable":true,"href":"https:\/\/rezekne.citro.lv\/ru\/wp-json\/wp\/v2\/media\/35853"}],"wp:attachment":[{"href":"https:\/\/rezekne.citro.lv\/ru\/wp-json\/wp\/v2\/media?parent=35781"}],"wp:term":[{"taxonomy":"product_cat","embeddable":true,"href":"https:\/\/rezekne.citro.lv\/ru\/wp-json\/wp\/v2\/product_cat?post=35781"},{"taxonomy":"product_tag","embeddable":true,"href":"https:\/\/rezekne.citro.lv\/ru\/wp-json\/wp\/v2\/product_tag?post=35781"}],"curies":[{"name":"wp","href":"https:\/\/api.w.org\/{rel}","templated":true}]}}