{"id":35891,"date":"2026-04-23T01:04:24","date_gmt":"2026-04-22T22:04:24","guid":{"rendered":"https:\/\/rezekne.citro.psdev.lv\/veikals\/import-placeholder-for-2493\/"},"modified":"2026-04-28T09:00:24","modified_gmt":"2026-04-28T06:00:24","slug":"vistas-galas-sasliks-karija-merce-citro-1kg","status":"publish","type":"product","link":"https:\/\/rezekne.citro.lv\/ru\/product\/vistas-galas-sasliks-karija-merce-citro-1kg\/","title":{"rendered":"VISTAS GA\u013bAS \u0160A\u0160LIKS KARIJA M\u0112RC\u0112 CITRO 1KG"},"content":{"rendered":"<p>Izcelsmes valsts: Latvija<br \/>Sast\u0101vda\u013cas:vistas ga\u013ca 87%; karija m\u0113rce 13%(majon\u0113ze((dzeramais \u016bdens, saulespu\u0137u e\u013c\u013ca, biezin\u0101t\u0101js(ciete), cukurs, galda s\u0101ls,emulgators(ciete), dabiskas izcelsmes stabilizatori(gu\u0101ra sve\u0137i, ksant\u0101na sve\u0137i), sk\u0101buma regul\u0113t\u0101ji (eti\u0137sk\u0101be, citronsk\u0101be), konservants, aromatiz\u0113t\u0101js SINEPES, dab\u012bg\u0101 kr\u0101sviela B-karot\u012bns)): p\u0101rtikas piedeva Bangkok -Curry4.6%(( p\u0101rtikas s\u0101ls , gar\u0161vielas, dekstroze , gar\u0161vielas ekstrakti));s\u0101ls. Uzglab\u0101\u0161anas temperat\u016bra.0+4C Inform\u0101cija par uzturv\u0113rt\u012bbu : 100 g produkta satur: ener\u0123\u0113tisk\u0101 v\u0113rt\u012bba 825 kJ \/ 198kcal; tauki 14.2g, tostarp pies\u0101tin\u0101t\u0101s tauksk\u0101bes 3.5g; og\u013chidr\u0101ti 1.6g, tostarp cukuri 0.4g; \u0161\u0137iedrvielas 0g; olbaltumvielas 16g; s\u0101ls 0.9g. Pirms lieto\u0161anas uztur\u0101 termiski apstr\u0101d\u0101t.<\/p>\n","protected":false},"excerpt":{"rendered":"<p>8.99 \u20ac\/KG<\/p>\n","protected":false},"featured_media":52448,"template":"","meta":{"_acf_changed":false,"inline_featured_image":false},"product_cat":[135,182],"product_tag":[],"acf":[],"aioseo_notices":[],"_links":{"self":[{"href":"https:\/\/rezekne.citro.lv\/ru\/wp-json\/wp\/v2\/product\/35891"}],"collection":[{"href":"https:\/\/rezekne.citro.lv\/ru\/wp-json\/wp\/v2\/product"}],"about":[{"href":"https:\/\/rezekne.citro.lv\/ru\/wp-json\/wp\/v2\/types\/product"}],"wp:featuredmedia":[{"embeddable":true,"href":"https:\/\/rezekne.citro.lv\/ru\/wp-json\/wp\/v2\/media\/52448"}],"wp:attachment":[{"href":"https:\/\/rezekne.citro.lv\/ru\/wp-json\/wp\/v2\/media?parent=35891"}],"wp:term":[{"taxonomy":"product_cat","embeddable":true,"href":"https:\/\/rezekne.citro.lv\/ru\/wp-json\/wp\/v2\/product_cat?post=35891"},{"taxonomy":"product_tag","embeddable":true,"href":"https:\/\/rezekne.citro.lv\/ru\/wp-json\/wp\/v2\/product_tag?post=35891"}],"curies":[{"name":"wp","href":"https:\/\/api.w.org\/{rel}","templated":true}]}}