{"id":35905,"date":"2025-10-25T00:03:38","date_gmt":"2025-10-24T21:03:38","guid":{"rendered":"https:\/\/rezekne.citro.psdev.lv\/veikals\/import-placeholder-for-2507\/"},"modified":"2026-03-01T06:27:44","modified_gmt":"2026-03-01T04:27:44","slug":"dilles-30g","status":"publish","type":"product","link":"https:\/\/rezekne.citro.lv\/ru\/product\/dilles-30g\/","title":{"rendered":"DILLES 30G"},"content":{"rendered":"<p>UZBEKIST\u0100NA 2.\u0160\u0136<\/p>\n","protected":false},"excerpt":{"rendered":"<p>36.33 \u20ac\/KG<\/p>\n","protected":false},"featured_media":68432,"template":"","meta":{"_acf_changed":false,"inline_featured_image":false},"product_cat":[97,99],"product_tag":[],"acf":[],"aioseo_notices":[],"_links":{"self":[{"href":"https:\/\/rezekne.citro.lv\/ru\/wp-json\/wp\/v2\/product\/35905"}],"collection":[{"href":"https:\/\/rezekne.citro.lv\/ru\/wp-json\/wp\/v2\/product"}],"about":[{"href":"https:\/\/rezekne.citro.lv\/ru\/wp-json\/wp\/v2\/types\/product"}],"wp:featuredmedia":[{"embeddable":true,"href":"https:\/\/rezekne.citro.lv\/ru\/wp-json\/wp\/v2\/media\/68432"}],"wp:attachment":[{"href":"https:\/\/rezekne.citro.lv\/ru\/wp-json\/wp\/v2\/media?parent=35905"}],"wp:term":[{"taxonomy":"product_cat","embeddable":true,"href":"https:\/\/rezekne.citro.lv\/ru\/wp-json\/wp\/v2\/product_cat?post=35905"},{"taxonomy":"product_tag","embeddable":true,"href":"https:\/\/rezekne.citro.lv\/ru\/wp-json\/wp\/v2\/product_tag?post=35905"}],"curies":[{"name":"wp","href":"https:\/\/api.w.org\/{rel}","templated":true}]}}