{"id":35906,"date":"2026-03-11T00:02:22","date_gmt":"2026-03-10T22:02:22","guid":{"rendered":"https:\/\/rezekne.citro.psdev.lv\/veikals\/import-placeholder-for-2508\/"},"modified":"2026-04-06T06:04:00","modified_gmt":"2026-04-06T03:04:00","slug":"locini-1kg","status":"publish","type":"product","link":"https:\/\/rezekne.citro.lv\/ru\/product\/locini-1kg\/","title":{"rendered":"LOCI\u0145I 1KG"},"content":{"rendered":"<p>LATVIJA 2.\u0160\u0136.<\/p>\n","protected":false},"excerpt":{"rendered":"<p>10.39 \u20ac\/KG<\/p>\n","protected":false},"featured_media":58146,"template":"","meta":{"_acf_changed":false,"inline_featured_image":false},"product_cat":[97,99],"product_tag":[],"acf":[],"aioseo_notices":[],"_links":{"self":[{"href":"https:\/\/rezekne.citro.lv\/ru\/wp-json\/wp\/v2\/product\/35906"}],"collection":[{"href":"https:\/\/rezekne.citro.lv\/ru\/wp-json\/wp\/v2\/product"}],"about":[{"href":"https:\/\/rezekne.citro.lv\/ru\/wp-json\/wp\/v2\/types\/product"}],"wp:featuredmedia":[{"embeddable":true,"href":"https:\/\/rezekne.citro.lv\/ru\/wp-json\/wp\/v2\/media\/58146"}],"wp:attachment":[{"href":"https:\/\/rezekne.citro.lv\/ru\/wp-json\/wp\/v2\/media?parent=35906"}],"wp:term":[{"taxonomy":"product_cat","embeddable":true,"href":"https:\/\/rezekne.citro.lv\/ru\/wp-json\/wp\/v2\/product_cat?post=35906"},{"taxonomy":"product_tag","embeddable":true,"href":"https:\/\/rezekne.citro.lv\/ru\/wp-json\/wp\/v2\/product_tag?post=35906"}],"curies":[{"name":"wp","href":"https:\/\/api.w.org\/{rel}","templated":true}]}}