{"id":35908,"date":"2025-06-05T01:00:33","date_gmt":"2025-06-04T22:00:33","guid":{"rendered":"https:\/\/rezekne.citro.psdev.lv\/veikals\/import-placeholder-for-2510\/"},"modified":"2026-04-12T06:10:15","modified_gmt":"2026-04-12T03:10:15","slug":"redisi-sarkani-125g","status":"publish","type":"product","link":"https:\/\/rezekne.citro.lv\/ru\/product\/redisi-sarkani-125g\/","title":{"rendered":"RED\u012aSI SARKANI 125G"},"content":{"rendered":"<p>N\u012aDERLANDE, 2.\u0160\u0136IRA<\/p>\n","protected":false},"excerpt":{"rendered":"<p>4.72 \u20ac\/KG<\/p>\n","protected":false},"featured_media":62438,"template":"","meta":{"_acf_changed":false,"inline_featured_image":false},"product_cat":[97,99],"product_tag":[],"acf":[],"aioseo_notices":[],"_links":{"self":[{"href":"https:\/\/rezekne.citro.lv\/ru\/wp-json\/wp\/v2\/product\/35908"}],"collection":[{"href":"https:\/\/rezekne.citro.lv\/ru\/wp-json\/wp\/v2\/product"}],"about":[{"href":"https:\/\/rezekne.citro.lv\/ru\/wp-json\/wp\/v2\/types\/product"}],"wp:featuredmedia":[{"embeddable":true,"href":"https:\/\/rezekne.citro.lv\/ru\/wp-json\/wp\/v2\/media\/62438"}],"wp:attachment":[{"href":"https:\/\/rezekne.citro.lv\/ru\/wp-json\/wp\/v2\/media?parent=35908"}],"wp:term":[{"taxonomy":"product_cat","embeddable":true,"href":"https:\/\/rezekne.citro.lv\/ru\/wp-json\/wp\/v2\/product_cat?post=35908"},{"taxonomy":"product_tag","embeddable":true,"href":"https:\/\/rezekne.citro.lv\/ru\/wp-json\/wp\/v2\/product_tag?post=35908"}],"curies":[{"name":"wp","href":"https:\/\/api.w.org\/{rel}","templated":true}]}}