{"id":36000,"date":"2026-01-09T00:02:03","date_gmt":"2026-01-08T22:02:03","guid":{"rendered":"https:\/\/rezekne.citro.psdev.lv\/veikals\/import-placeholder-for-2512\/"},"modified":"2026-04-28T06:04:46","modified_gmt":"2026-04-28T03:04:46","slug":"salati-podina-gab","status":"publish","type":"product","link":"https:\/\/rezekne.citro.lv\/ru\/product\/salati-podina-gab\/","title":{"rendered":"SAL\u0100TI PODI\u0145\u0100 GAB."},"content":{"rendered":"<p>Izcelsmes valsts: Igaunija<\/p>\n","protected":false},"excerpt":{"rendered":"<p>1.19 \u20ac\/KG<\/p>\n","protected":false},"featured_media":65568,"template":"","meta":{"_acf_changed":false,"inline_featured_image":false},"product_cat":[97,99],"product_tag":[],"acf":[],"aioseo_notices":[],"_links":{"self":[{"href":"https:\/\/rezekne.citro.lv\/ru\/wp-json\/wp\/v2\/product\/36000"}],"collection":[{"href":"https:\/\/rezekne.citro.lv\/ru\/wp-json\/wp\/v2\/product"}],"about":[{"href":"https:\/\/rezekne.citro.lv\/ru\/wp-json\/wp\/v2\/types\/product"}],"wp:featuredmedia":[{"embeddable":true,"href":"https:\/\/rezekne.citro.lv\/ru\/wp-json\/wp\/v2\/media\/65568"}],"wp:attachment":[{"href":"https:\/\/rezekne.citro.lv\/ru\/wp-json\/wp\/v2\/media?parent=36000"}],"wp:term":[{"taxonomy":"product_cat","embeddable":true,"href":"https:\/\/rezekne.citro.lv\/ru\/wp-json\/wp\/v2\/product_cat?post=36000"},{"taxonomy":"product_tag","embeddable":true,"href":"https:\/\/rezekne.citro.lv\/ru\/wp-json\/wp\/v2\/product_tag?post=36000"}],"curies":[{"name":"wp","href":"https:\/\/api.w.org\/{rel}","templated":true}]}}