{"id":36002,"date":"2026-04-23T01:04:24","date_gmt":"2026-04-22T22:04:24","guid":{"rendered":"https:\/\/rezekne.citro.psdev.lv\/veikals\/import-placeholder-for-2514\/"},"modified":"2026-05-01T18:00:13","modified_gmt":"2026-05-01T15:00:13","slug":"kiploku-grauzdini-citro-200g","status":"publish","type":"product","link":"https:\/\/rezekne.citro.lv\/ru\/product\/kiploku-grauzdini-citro-200g\/","title":{"rendered":"\u0136IPLOKU GRAUZDI\u0145I CITRO 200G"},"content":{"rendered":"<p>Izcelsmes valsts: Latvija<br \/>Sast\u0101vda\u013cas: formas maize(KVIE\u0160U milti, dzeramais \u016bdens, skrot\u0113tie RUDZU milti, melase,s\u0101ls,  svaigs maizes raugs); rap\u0161u  e\u013c\u013ca : \u0137iploki 3.8%: \u0137iploku pulveris 0.6% ( \u0137iploka e\u013c\u013ca ,nes\u0113jvielas: p\u0101rtikas s\u0101ls dekstroze);gar\u0161vielas (dekstroze dabisks melno piparu ekstrakts); s\u0101ls, Uzglab\u0101\u0161anas temperat\u016bra,+20-+25C Inform\u0101cija par uzturv\u0113rt\u012bbu: 100 g produkta satur: ener\u0123\u0113tisk\u0101 v\u0113rt\u012bba 1060 kJ \/ 252kcal; tauki 6.7g, tostarp pies\u0101tin\u0101t\u0101s tauksk\u0101bes 0.6g; og\u013chidr\u0101ti 39.5g, tostarp cukuri 0.8g; \u0161\u0137iedrvielas 4.2g; olbaltumvielas 6.3g; s\u0101ls 1.3g<\/p>\n","protected":false},"excerpt":{"rendered":"<p>5.95 \u20ac\/KG<\/p>\n","protected":false},"featured_media":51985,"template":"","meta":{"_acf_changed":false,"inline_featured_image":false},"product_cat":[113,566,215,563],"product_tag":[],"acf":[],"aioseo_notices":[],"_links":{"self":[{"href":"https:\/\/rezekne.citro.lv\/ru\/wp-json\/wp\/v2\/product\/36002"}],"collection":[{"href":"https:\/\/rezekne.citro.lv\/ru\/wp-json\/wp\/v2\/product"}],"about":[{"href":"https:\/\/rezekne.citro.lv\/ru\/wp-json\/wp\/v2\/types\/product"}],"wp:featuredmedia":[{"embeddable":true,"href":"https:\/\/rezekne.citro.lv\/ru\/wp-json\/wp\/v2\/media\/51985"}],"wp:attachment":[{"href":"https:\/\/rezekne.citro.lv\/ru\/wp-json\/wp\/v2\/media?parent=36002"}],"wp:term":[{"taxonomy":"product_cat","embeddable":true,"href":"https:\/\/rezekne.citro.lv\/ru\/wp-json\/wp\/v2\/product_cat?post=36002"},{"taxonomy":"product_tag","embeddable":true,"href":"https:\/\/rezekne.citro.lv\/ru\/wp-json\/wp\/v2\/product_tag?post=36002"}],"curies":[{"name":"wp","href":"https:\/\/api.w.org\/{rel}","templated":true}]}}