{"id":36003,"date":"2026-03-12T00:16:12","date_gmt":"2026-03-11T22:16:12","guid":{"rendered":"https:\/\/rezekne.citro.psdev.lv\/veikals\/import-placeholder-for-2515\/"},"modified":"2026-04-26T06:27:37","modified_gmt":"2026-04-26T03:27:37","slug":"saldskabmaizes-kiploku-grauzdini-citro-200g","status":"publish","type":"product","link":"https:\/\/rezekne.citro.lv\/ru\/product\/saldskabmaizes-kiploku-grauzdini-citro-200g\/","title":{"rendered":"SALDSK\u0100BMAIZES \u0136IPLOKU GRAUZDI\u0145I CITRO 200G"},"content":{"rendered":"<p>Izcelsmes valsts: Latvija<br \/>Sast\u0101vda\u013cas: maize ((RUDZU b\u012bdel\u0113tie milti, \u016bdens dzeramais, KVIE\u0160U milti, cukurs 3,7%, sausais ieraugs 1% (kvie\u0161u milti, sk\u0101buma regul\u0113t\u0101js E330,KVIE\u0160Ulipeklis, stabilizatori E516, E412, RUDZU milti, glikoze, augu tauki (palmu), sk\u0101buma regulators E262, cep\u0161anas fermenti (satur KVIE\u0160U miltus), uzlabot\u0101js (KVIE\u0160U glut\u0113ns, KVIE\u0160U milti, enz\u012bmi, antioksidants E300), svaigs maizes raugs, s\u0101ls, gai\u0161ais RUDZU iesals 0.7 % ,\u0137imenes)); rap\u0161u e\u013c\u013ca rafin\u0113ta, \u0137iploki, s\u0101ls,  gar\u0161vielas ((gar\u0161vielas(t.sk.SINEPES), gar\u0161as pastiprin\u0101t\u0101js: monon\u0101trija glutam\u0101ts E 621 , gar\u0161vielas ekstrakti));Uzglab\u0101\u0161anas temperat\u016bra +20+25C Inform\u0101cija par uzturv\u0113rt\u012bbu : 100 g produkta satur: ener\u0123\u0113tisk\u0101 v\u0113rt\u012bba 1283 kJ \/ 307kcal; tauki 15.7g, tostarp pies\u0101tin\u0101t\u0101s tauksk\u0101bes 1.4g; og\u013chidr\u0101ti 35.1g, tostarp cukuri 3.1g; \u0161\u0137iedrvielas 3g; olbaltumvielas 4.8g; s\u0101ls 1g<\/p>\n","protected":false},"excerpt":{"rendered":"<p>7.45 \u20ac\/KG<\/p>\n","protected":false},"featured_media":56975,"template":"","meta":{"_acf_changed":false,"inline_featured_image":false},"product_cat":[113,566,215,563],"product_tag":[],"acf":[],"aioseo_notices":[],"_links":{"self":[{"href":"https:\/\/rezekne.citro.lv\/ru\/wp-json\/wp\/v2\/product\/36003"}],"collection":[{"href":"https:\/\/rezekne.citro.lv\/ru\/wp-json\/wp\/v2\/product"}],"about":[{"href":"https:\/\/rezekne.citro.lv\/ru\/wp-json\/wp\/v2\/types\/product"}],"wp:featuredmedia":[{"embeddable":true,"href":"https:\/\/rezekne.citro.lv\/ru\/wp-json\/wp\/v2\/media\/56975"}],"wp:attachment":[{"href":"https:\/\/rezekne.citro.lv\/ru\/wp-json\/wp\/v2\/media?parent=36003"}],"wp:term":[{"taxonomy":"product_cat","embeddable":true,"href":"https:\/\/rezekne.citro.lv\/ru\/wp-json\/wp\/v2\/product_cat?post=36003"},{"taxonomy":"product_tag","embeddable":true,"href":"https:\/\/rezekne.citro.lv\/ru\/wp-json\/wp\/v2\/product_tag?post=36003"}],"curies":[{"name":"wp","href":"https:\/\/api.w.org\/{rel}","templated":true}]}}