{"id":36007,"date":"2025-11-20T14:12:24","date_gmt":"2025-11-20T12:12:24","guid":{"rendered":"https:\/\/rezekne.citro.psdev.lv\/veikals\/import-placeholder-for-2519\/"},"modified":"2026-04-27T06:04:27","modified_gmt":"2026-04-27T03:04:27","slug":"marineti-kaposti-citro-900g","status":"publish","type":"product","link":"https:\/\/rezekne.citro.lv\/ru\/product\/marineti-kaposti-citro-900g\/","title":{"rendered":"MARIN\u0112TI K\u0100POSTI CITRO 900G"},"content":{"rendered":"<p>Izcelsmes valsts: Latvija<br \/>Sast\u0101vda\u013cas:galvi\u0146k\u0101posti 67.2%, marin\u0101de 24.4% (\u016bdens, eti\u0137is galda, cukurs, s\u0101ls, rap\u0161u e\u013c\u013ca  rafin\u0113ta ) , burk\u0101ni, paprika,   Uzglab\u0101\u0161anas temperat\u016bra+2-+6C Inform\u0101cija par uzturv\u0113rt\u012bbu: 100 g produkta satur: ener\u0123\u0113tisk\u0101 v\u0113rt\u012bba 156 kJ \/ 37kcal; tauki 0.8g, tostarp pies\u0101tin\u0101t\u0101s tauksk\u0101bes 0.1g; og\u013chidr\u0101ti 5.4g, tostarp cukuri 5.1g; \u0161\u0137iedrvielas 2.2g; olbaltumvielas 1g; s\u0101ls 1g.<\/p>\n","protected":false},"excerpt":{"rendered":"<p>2.10 \u20ac\/KG<\/p>\n","protected":false},"featured_media":70232,"template":"","meta":{"_acf_changed":false,"inline_featured_image":false},"product_cat":[97,159,113,566],"product_tag":[],"acf":[],"aioseo_notices":[],"_links":{"self":[{"href":"https:\/\/rezekne.citro.lv\/ru\/wp-json\/wp\/v2\/product\/36007"}],"collection":[{"href":"https:\/\/rezekne.citro.lv\/ru\/wp-json\/wp\/v2\/product"}],"about":[{"href":"https:\/\/rezekne.citro.lv\/ru\/wp-json\/wp\/v2\/types\/product"}],"wp:featuredmedia":[{"embeddable":true,"href":"https:\/\/rezekne.citro.lv\/ru\/wp-json\/wp\/v2\/media\/70232"}],"wp:attachment":[{"href":"https:\/\/rezekne.citro.lv\/ru\/wp-json\/wp\/v2\/media?parent=36007"}],"wp:term":[{"taxonomy":"product_cat","embeddable":true,"href":"https:\/\/rezekne.citro.lv\/ru\/wp-json\/wp\/v2\/product_cat?post=36007"},{"taxonomy":"product_tag","embeddable":true,"href":"https:\/\/rezekne.citro.lv\/ru\/wp-json\/wp\/v2\/product_tag?post=36007"}],"curies":[{"name":"wp","href":"https:\/\/api.w.org\/{rel}","templated":true}]}}