{"id":36011,"date":"2026-04-09T00:16:46","date_gmt":"2026-04-08T21:16:46","guid":{"rendered":"https:\/\/rezekne.citro.psdev.lv\/veikals\/import-placeholder-for-2523\/"},"modified":"2026-04-09T00:16:48","modified_gmt":"2026-04-08T21:16:48","slug":"cukgalas-sasliks-zalumu-marinade-citro-1kg","status":"publish","type":"product","link":"https:\/\/rezekne.citro.lv\/ru\/product\/cukgalas-sasliks-zalumu-marinade-citro-1kg\/","title":{"rendered":"C\u016aKGA\u013bAS \u0160A\u0160LIKS ZA\u013bUMU MARIN\u0100D\u0112 CITRO 1KG"},"content":{"rendered":"<p>Izcelsmes valsts: Latvija<br \/>Sast\u0101vda\u013cas: c\u016bkga\u013cas l\u0101psti\u0146a 93%; marin\u0101de 7% {za\u013cas kr\u0101sas marin\u0101de 45%((rap\u0161u e\u013c\u013ca, j\u016bras p\u0101rtikas s\u0101ls, gar\u0161vielas(t.sk SELERIJA),za\u013cumi, palmu tauki(nav r\u016bd\u012bti), gar\u0161vielas ekstrakti, sviesta aromatiz\u0113t\u0101js)), p\u0113ters\u012b\u013ci 0.1%}.Uzglab\u0101\u0161anas temperat\u016bra 0+4C Inform\u0101cija par uzturv\u0113rt\u012bbu : 100 g produkta satur: ener\u0123\u0113tisk\u0101 v\u0113rt\u012bba 819 kJ \/ 197kcal; tauki 13.6g, tostarp pies\u0101tin\u0101t\u0101s tauksk\u0101bes 2.8g; og\u013chidr\u0101ti 0.3g, tostarp cukuri 0.2g; \u0161\u0137iedrvielas 0g; olbaltumvielas 18.3g; s\u0101ls 1.1g. . Pirms lieto\u0161anas uztur\u0101 termiski apstr\u0101d\u0101t<\/p>\n","protected":false},"excerpt":{"rendered":"<p>8.29 \u20ac\/KG<\/p>\n","protected":false},"featured_media":56976,"template":"","meta":{"_acf_changed":false,"inline_featured_image":false},"product_cat":[135,182],"product_tag":[],"acf":[],"aioseo_notices":[],"_links":{"self":[{"href":"https:\/\/rezekne.citro.lv\/ru\/wp-json\/wp\/v2\/product\/36011"}],"collection":[{"href":"https:\/\/rezekne.citro.lv\/ru\/wp-json\/wp\/v2\/product"}],"about":[{"href":"https:\/\/rezekne.citro.lv\/ru\/wp-json\/wp\/v2\/types\/product"}],"wp:featuredmedia":[{"embeddable":true,"href":"https:\/\/rezekne.citro.lv\/ru\/wp-json\/wp\/v2\/media\/56976"}],"wp:attachment":[{"href":"https:\/\/rezekne.citro.lv\/ru\/wp-json\/wp\/v2\/media?parent=36011"}],"wp:term":[{"taxonomy":"product_cat","embeddable":true,"href":"https:\/\/rezekne.citro.lv\/ru\/wp-json\/wp\/v2\/product_cat?post=36011"},{"taxonomy":"product_tag","embeddable":true,"href":"https:\/\/rezekne.citro.lv\/ru\/wp-json\/wp\/v2\/product_tag?post=36011"}],"curies":[{"name":"wp","href":"https:\/\/api.w.org\/{rel}","templated":true}]}}