{"id":36013,"date":"2026-02-07T00:03:01","date_gmt":"2026-02-06T22:03:01","guid":{"rendered":"https:\/\/rezekne.citro.psdev.lv\/veikals\/import-placeholder-for-2525\/"},"modified":"2026-04-29T09:00:13","modified_gmt":"2026-04-29T06:00:13","slug":"maizite-biezpiena-90g","status":"publish","type":"product","link":"https:\/\/rezekne.citro.lv\/ru\/product\/maizite-biezpiena-90g\/","title":{"rendered":"MAIZ\u012aTE BIEZPIENA 90G"},"content":{"rendered":"<p>Izcelsmes valsts: Latvija<br \/>Sast\u0101vda\u013cas:m\u012bkla((KVIE\u0160U MILTI, \u016bdens,cukurs, margar\u012bns bez hidrogen\u0113tiem taukiem {augu e\u013c\u013cas (palmu, rap\u0161u), \u016bdens, emulgatori (E471-mono un glicer\u012bdi tauksk\u0101bju),s\u0101ls, sk\u0101buma regul\u0113t\u0101js -citronsk\u0101be, konservants- sorb\u0101ts k\u0101lija,aromatiz\u0113t\u0101js,p\u0101rtikas kr\u0101sviela E160a)}: rafin\u0113ta saulespu\u0137u e\u013c\u013ca;s\u0101ls,  raugs sausais((raugs Saccharomyces cerevisiae ), emulgators: E491 )): uzlabot\u0101js(KVIE\u0160U milti, fermenti, miltu apstr\u0101des l\u012bdzeklis:E300.Var satur\u0113t LIPEKLI saturo\u0161o, OLU, SOJASpupu, SEZAMA s\u0113klu produktu da\u013ci\u0146as):   biezpiena masa t.s 12%-26.6%((BIEZPIENA SIERS ar zemu t.s, augu tauki(palmu, kokosriekstu), S\u016aKALU PROTE\u012aNS, OLU BALTUMA prote\u012bni, stabilizators E1414, E1422, \u0161\u0137iedrvielas)): \u016bdens, cukurs, OLAS, biezpiena stabiliz\u0113t\u0101js(( ciete E1414, p\u016bdercukurs, emulgators E471, KVIE\u0160U ciete, dekstroze, s\u0101ls, aromatiz\u0113t\u0101js:vani\u013cas. Produkts satur GLUT\u0112NU)); \u017eelejas pulveris ((cukurs, sk\u0101buma regul\u0113t\u0101ji E330, E331, E340, recin\u0101t\u0101ji E407, E440, biezin\u0101t\u0101ji E410, E414, dekstroze, karameliz\u0113ts cukurs, aromatiz\u0113t\u0101js)); olu aizvietot\u0101js((KAZE\u012aNS (PIENA olbaltumvielas), sk\u0101buma regul\u0113t\u0101js (E450, E500), LAKTOZE));   Uzglab\u0101\u0161anas temperat\u016bra,+20-+25C Inform\u0101cija par uzturv\u0113rt\u012bbu: 100 g produkta satur: ener\u0123\u0113tisk\u0101 v\u0113rt\u012bba 919 kJ \/ 218kcal; tauki 5.1g, tostarp pies\u0101tin\u0101t\u0101s tauksk\u0101bes 1.4g; og\u013chidr\u0101ti 34.9g, tostarp cukuri 9.8g; \u0161\u0137iedrvielas 1.4g; olbaltumvielas 7.4g; s\u0101ls 0.5g.<\/p>\n","protected":false},"excerpt":{"rendered":"<p>7.22 \u20ac\/KG<\/p>\n","protected":false},"featured_media":36071,"template":"","meta":{"_acf_changed":false,"inline_featured_image":false},"product_cat":[109,110],"product_tag":[],"acf":[],"aioseo_notices":[],"_links":{"self":[{"href":"https:\/\/rezekne.citro.lv\/ru\/wp-json\/wp\/v2\/product\/36013"}],"collection":[{"href":"https:\/\/rezekne.citro.lv\/ru\/wp-json\/wp\/v2\/product"}],"about":[{"href":"https:\/\/rezekne.citro.lv\/ru\/wp-json\/wp\/v2\/types\/product"}],"wp:featuredmedia":[{"embeddable":true,"href":"https:\/\/rezekne.citro.lv\/ru\/wp-json\/wp\/v2\/media\/36071"}],"wp:attachment":[{"href":"https:\/\/rezekne.citro.lv\/ru\/wp-json\/wp\/v2\/media?parent=36013"}],"wp:term":[{"taxonomy":"product_cat","embeddable":true,"href":"https:\/\/rezekne.citro.lv\/ru\/wp-json\/wp\/v2\/product_cat?post=36013"},{"taxonomy":"product_tag","embeddable":true,"href":"https:\/\/rezekne.citro.lv\/ru\/wp-json\/wp\/v2\/product_tag?post=36013"}],"curies":[{"name":"wp","href":"https:\/\/api.w.org\/{rel}","templated":true}]}}