{"id":36014,"date":"2026-05-07T00:06:26","date_gmt":"2026-05-06T21:06:26","guid":{"rendered":"https:\/\/rezekne.citro.psdev.lv\/veikals\/import-placeholder-for-2527\/"},"modified":"2026-05-17T06:04:36","modified_gmt":"2026-05-17T03:04:36","slug":"smalkmaizite-ar-ievarijuma-pildijumu-citro-90g","status":"publish","type":"product","link":"https:\/\/rezekne.citro.lv\/ru\/product\/smalkmaizite-ar-ievarijuma-pildijumu-citro-90g\/","title":{"rendered":"SMALKMAIZ\u012aTE AR IEV\u0100R\u012aJUMA PILD\u012aJUMU CITRO 90G"},"content":{"rendered":"<p>Izcelsmes valsts: Latvija<br \/>Sast\u0101vda\u013cas:m\u012bkla{KVIE\u0160U MILTI: \u016bdens: margar\u012bns ((augu e\u013c\u013cas(palmu,rap\u0161u),\u016bdens,emulgatori(tauksk\u0101bju mono un diglicer\u012bdi,  tauksk\u0101bju un poliglicerina esteri, lecit\u012bns), s\u0101ls,sk\u0101buma regul\u0113t\u0101js E 330, konserv\u0101nts k\u0101lija sorb\u0101ts, arom\u0101ts, kr\u0101sviela 160b(i))): cukurs; saulespu\u0137u e\u013c\u013ca rafin\u0113ta;s\u0101ls: raugs sausais((raugs Saccharomyces cerevisiae ), emulgators: E491 )):  uzlabot\u0101js(KVIE\u0160U milti, fermenti, miltu apstr\u0101des l\u012bdzeklis:E300.Var satur\u0113t LIPEKLI saturo\u0161o, OLU, SOJASpupu, SEZAMA s\u0113klu produktu da\u013ci\u0146as)}:   multiaug\u013cu marmel\u0101de16.5% (\u0101bolu biezenis, cukurs, \u0101bolu \u0161\u0137iedrvielas, aroniju \u0161\u0137iedrvielas, sk\u0101buma regul\u0113t\u0101js citronsk\u0101be, upe\u0146u \u0161\u0137iedrvielas, aromatiz\u0113t\u0101js, konservanti- k\u0101lija sorb\u0101ts, n\u0101trija benzo\u0101ts);MILTI KVIE\u0160U, \u016bdens; cukurs; margar\u012bns bez hidrogen\u0113tiem taukiem {augu e\u013c\u013cas (palmu, rap\u0161u), \u016bdens, emulgatori (E471-mono un glicer\u012bdi tauksk\u0101bju),s\u0101ls, sk\u0101buma regul\u0113t\u0101js E330-citronsk\u0101be, konservants-k\u0101lija sorb\u0101ts, E202aromatiz\u0113t\u0101js,p\u0101rtikas kr\u0101sviela E160b(i)}:termostab\u012bls p\u016bdercukurs((dekstroze, KVIE\u0160U ciete, stabilizators E470a, augu tauki(palmu), aromatiz\u0113t\u0101js-vanil\u012bns): olu aizvietot\u0101js((KAZE\u012aNS (PIENA olbaltumvielas), sk\u0101buma regul\u0113t\u0101js (E450, E500), LAKTOZE.Uzglab\u0101\u0161anas temperat\u016bra,+20-+25C Inform\u0101cija par uzturv\u0113rt\u012bbu: 100 g produkta satur: ener\u0123\u0113tisk\u0101 v\u0113rt\u012bba 1379 kJ \/ 329kcal; tauki 12.8g, tostarp pies\u0101tin\u0101t\u0101s tauksk\u0101bes 6.3g; og\u013chidr\u0101ti 47.2g, tostarp cukuri 16.3g; \u0161\u0137iedrvielas 2.3g; olbaltumvielas 5g; s\u0101ls 0.5g.<\/p>\n","protected":false},"excerpt":{"rendered":"<p>5.00 \u20ac\/KG<\/p>\n","protected":false},"featured_media":55480,"template":"","meta":{"_acf_changed":false,"inline_featured_image":false},"product_cat":[109,110],"product_tag":[],"acf":[],"aioseo_notices":[],"_links":{"self":[{"href":"https:\/\/rezekne.citro.lv\/ru\/wp-json\/wp\/v2\/product\/36014"}],"collection":[{"href":"https:\/\/rezekne.citro.lv\/ru\/wp-json\/wp\/v2\/product"}],"about":[{"href":"https:\/\/rezekne.citro.lv\/ru\/wp-json\/wp\/v2\/types\/product"}],"wp:featuredmedia":[{"embeddable":true,"href":"https:\/\/rezekne.citro.lv\/ru\/wp-json\/wp\/v2\/media\/55480"}],"wp:attachment":[{"href":"https:\/\/rezekne.citro.lv\/ru\/wp-json\/wp\/v2\/media?parent=36014"}],"wp:term":[{"taxonomy":"product_cat","embeddable":true,"href":"https:\/\/rezekne.citro.lv\/ru\/wp-json\/wp\/v2\/product_cat?post=36014"},{"taxonomy":"product_tag","embeddable":true,"href":"https:\/\/rezekne.citro.lv\/ru\/wp-json\/wp\/v2\/product_tag?post=36014"}],"curies":[{"name":"wp","href":"https:\/\/api.w.org\/{rel}","templated":true}]}}