{"id":36016,"date":"2026-04-09T00:15:10","date_gmt":"2026-04-08T21:15:10","guid":{"rendered":"https:\/\/rezekne.citro.psdev.lv\/veikals\/import-placeholder-for-2529\/"},"modified":"2026-04-22T09:00:19","modified_gmt":"2026-04-22T06:00:19","slug":"pica-satiga-140g","status":"publish","type":"product","link":"https:\/\/rezekne.citro.lv\/ru\/product\/pica-satiga-140g\/","title":{"rendered":"PICA S\u0100T\u012aG\u0100 140G"},"content":{"rendered":"<p>Izcelsmes valsts: Latvija<br \/>Satur saldin\u0101t\u0101ju.Sast\u0101vda\u013cas:m\u012bkla{(KVIE\u0160U MILTI, \u016bdens, margar\u012bns {augu e\u013c\u013ca (palmu, rap\u0161u, saulespu\u0137u, palmu kodolu tauki, kokosa tauki, piln\u012bb\u0101 hidrogen\u0113ti kokosa tauki, piln\u012bb\u0101 hidrogen\u0113ta rap\u0161u e\u013c\u013ca &#8212; main\u012bg\u0101 proporcij\u0101 ), \u016bdens, emulgatori: E471,E475, E476, E322; s\u0101ls , sk\u0101buma regul\u0113t\u0101js -citronsk\u0101be (E330), konservants &#8212; k\u0101lija sorb\u0101ts (E-202), arom\u0101tviela, p\u0101rtikas kr\u0101svielas: annato &#8212; E160b(i) un\/vai \u00df-karot\u012bns (E160-a). Produkts var satur\u0113t PIENU}: rafin\u0113ta saulespu\u0137u e\u013c\u013ca; cukurs, s\u0101ls,  raugs sausais((raugs Saccharomyces cerevisiae ), emulgators: E491 )): uzlabot\u0101js(KVIE\u0160U milti, fermenti, miltu apstr\u0101des l\u012bdzeklis:E300.Var satur\u0113t LIPEKLI saturo\u0161o, OLU, SOJASpupu, SEZAMA s\u0113klu produktu da\u013ci\u0146as)}: desa v\u0101r\u012bta((meh\u0101niski atdal\u012bta vistas ga\u013ca, dzeramais \u016bdens, vistu \u0101das, c\u016bku \u0101das, kartupe\u013cu ciete, s\u0101ls, stabiliz\u0113t\u0101js E451, gar\u0161as pastiprin\u0101t\u0101jsE 621, antioksidants E300, gar\u0161vielu ekstrakti,biezin\u0101t\u0101ji E412,E415,E407a, dekstroze,aromatiz\u0113t\u0101js, konservants E 250, kr\u0101sviela E 120.Ra\u017eots uz\u0146\u0113mum\u0101, kur\u0101 tiek izmantoti alerg\u0113ni(GLUT\u0112NS, OLAS, SOJA,PIENS, SELERIJAS, SINEPES, RIEKSTI)):gur\u0137i marin\u0113ti ar saldin\u0101t\u0101ju  (gur\u0137i, \u016bdens,  eti\u0137is, s\u0101ls, gar\u0161vielu ekstrakts satur SINEPES, konservants n\u0101trija benzo\u0101ts E211, saldin\u0101t\u0101js sahar\u012bnsE954):tom\u0101tu m\u0113rce((\u016bdens, tom\u0101tu pasta 15.1%,  cukurs,biezin\u0101t\u0101js- modific\u0113ta kukur\u016bzas ciete;kalt\u0113ti d\u0101rze\u0146i(paprika(za\u013ca, sarkana), s\u012bpoli, burk\u0101ni), s\u0101ls, sk\u0101buma regul\u0113t\u0101js-eti\u0137sk\u0101be, gar\u0161vielas,konservanti(k\u0101lija sorb\u0101ts, n\u0101trija benzo\u0101ts)):  izstr\u0101d\u0101jums uz  augu tauku b\u0101zes (sausn\u0101 min.45%)(( \u016bdens, augu tauki 25%,palmu e\u013c\u013ca, da\u013c\u0113ji hidrogen\u0113ta palmu e\u013c\u013ca, kartupe\u013cu ciete, PIENA olbaltumvielas, v\u0101r\u0101m\u0101 s\u0101ls, emulgatori (E452, E450); sk\u0101buma regul\u0113t\u0101js (E330, E331):biezin\u0101t\u0101js karagin\u0101ns, aromatiz\u0113t\u0101js (satur PIENU); kr\u0101sviela karot\u012bni)):\u016bdens, olu aizvietot\u0101js((KAZE\u012aNS (PIENA olbaltumvielas), sk\u0101buma regul\u0113t\u0101js (E450, E500), LAKTOZE));Uzglab\u0101\u0161anas temperat\u016bra,+20-+25C   Inform\u0101cija par uzturv\u0113rt\u012bbu :100 g produkta satur: ener\u0123\u0113tisk\u0101 v\u0113rt\u012bba 927 kJ \/ 221kcal; tauki 9.7g, tostarp pies\u0101tin\u0101t\u0101s tauksk\u0101bes 3.2g; og\u013chidr\u0101ti 26.6g, tostarp cukuri 2.5g; \u0161\u0137iedrvielas 1.3g; olbaltumvielas 6.2g; s\u0101ls 1.3g.<\/p>\n","protected":false},"excerpt":{"rendered":"<p>6.36 \u20ac\/KG<\/p>\n","protected":false},"featured_media":55177,"template":"","meta":{"_acf_changed":false,"inline_featured_image":false},"product_cat":[109,110,113,566],"product_tag":[],"acf":[],"aioseo_notices":[],"_links":{"self":[{"href":"https:\/\/rezekne.citro.lv\/ru\/wp-json\/wp\/v2\/product\/36016"}],"collection":[{"href":"https:\/\/rezekne.citro.lv\/ru\/wp-json\/wp\/v2\/product"}],"about":[{"href":"https:\/\/rezekne.citro.lv\/ru\/wp-json\/wp\/v2\/types\/product"}],"wp:featuredmedia":[{"embeddable":true,"href":"https:\/\/rezekne.citro.lv\/ru\/wp-json\/wp\/v2\/media\/55177"}],"wp:attachment":[{"href":"https:\/\/rezekne.citro.lv\/ru\/wp-json\/wp\/v2\/media?parent=36016"}],"wp:term":[{"taxonomy":"product_cat","embeddable":true,"href":"https:\/\/rezekne.citro.lv\/ru\/wp-json\/wp\/v2\/product_cat?post=36016"},{"taxonomy":"product_tag","embeddable":true,"href":"https:\/\/rezekne.citro.lv\/ru\/wp-json\/wp\/v2\/product_tag?post=36016"}],"curies":[{"name":"wp","href":"https:\/\/api.w.org\/{rel}","templated":true}]}}