{"id":36018,"date":"2026-04-09T00:15:17","date_gmt":"2026-04-08T21:15:17","guid":{"rendered":"https:\/\/rezekne.citro.psdev.lv\/veikals\/import-placeholder-for-2531\/"},"modified":"2026-04-19T06:10:46","modified_gmt":"2026-04-19T03:10:46","slug":"torte-baltais-lacis-citro-700g","status":"publish","type":"product","link":"https:\/\/rezekne.citro.lv\/ru\/product\/torte-baltais-lacis-citro-700g\/","title":{"rendered":"TORTE BALTAIS L\u0100CIS CITRO  700G"},"content":{"rendered":"<p>Izcelsmes valsts: Latvija<br \/> Sast\u0101vda\u013cas: keksa mais\u012bjums((cukurs, KVIE\u0160U milti, kartupe\u013cu ciete, modific\u0113ta ciete, PIENA s\u016bkalu pulveris, glikozes s\u012brups, emulgatori:E472a, E472b, V\u0100JPIENA pulveris, irdin\u0101t\u0101ji:difosf\u0101ti un n\u0101trija karbon\u0101ti, p\u0101rtikas kr\u0101sviela-karot\u012bns, s\u0101ls, vani\u013cas aromatiz\u0113t\u0101js.Produkts var satur\u0113t olas un soju(k\u0101 atlikums)): konditorejas kr\u0113ms ar cukuru ((\u016bdens, piln\u012bgi hidrogen\u0113ta palmu kodolu e\u013c\u013ca25%, cukurs 12%, PIENA olbaltumvielas, emulgatori E472b, E322(SOJA), E 472e; stabiliz\u0113t\u0101ji: E460, E466, E340;aromatiz\u0113t\u0101js, kr\u0101sviela E160a)):m\u012bkst\u0101 glaz\u016bra gai\u0161\u0101(( cukurs, piln\u012bgi hidrogen\u0113ti augu tauki (palmu, rap\u0161u), PILNPIENA pulveris, emulgators (E322 SOJAS lecitins), arom\u0101ts(piena kr\u0113ma))):OLAS,  sk\u0101bais izstr\u0101d\u0101jums20%((V\u0100JPIENS, piena tauku aizvietot\u0101js 18%(augu e\u013c\u013cas(palmu, rap\u0161u), emulgatorsE 471, aromatiz\u0113t\u0101js, kr\u0101sviela-annato), SALDAIS KR\u0112JUMS, SAUSAIS  V\u0100JPIENS, modific\u0113t\u0101 kukur\u016bzas ciete, ieraugs)):saulespu\u0137u e\u013c\u013ca:\u016bdens: iebiezin\u0101ta piena pild\u012bjums t.s 8%((cukurs, dzeramais \u016bdens, PILNPIENA pulveris, V\u0100JPIENA pulveris, nehidrogen\u0113ti palmu tauki, biezin\u0101t\u0101js E509, konservants E202, LAKTOZE)):putukr\u0113juma stabilizators((cukurs, dekstroze,  \u017eelat\u012bns(c\u016bku),laktoze(PIENS),  iebiezin\u0101t\u0101js E412)):m\u012bkst\u0101 glaz\u016bra tum\u0161\u0101  ((cukurs, piln\u012bgi hidrogen\u0113ti augu tauki (palmu, rap\u0161u), kakao pulveris ar samazin\u0101tu tauku saturu (16%), PILNPIENA pulveris, emulgators (E322 SOJAS lecitins, arom\u0101ts (LAZDU RIEKSTU)): p\u016bdercukurs(cukurs):citronsk\u0101be Uzglab\u0101\u0161anas temperat\u016bra,+2-+6CInform\u0101cija par uzturv\u0113rt\u012bbu: 100 g produkta satur: ener\u0123\u0113tisk\u0101 v\u0113rt\u012bba 1542 kJ \/ 370kcal; tauki 24g, tostarp pies\u0101tin\u0101t\u0101s tauksk\u0101bes 9.7g; og\u013chidr\u0101ti 33.3g, tostarp cukuri 24.2g; \u0161\u0137iedrvielas 0.2g; olbaltumvielas 5.1g; s\u0101ls 0.1g.<\/p>\n","protected":false},"excerpt":{"rendered":"<p>8.56 \u20ac\/KG<\/p>\n","protected":false},"featured_media":55174,"template":"","meta":{"_acf_changed":false,"inline_featured_image":false},"product_cat":[109,220],"product_tag":[],"acf":[],"aioseo_notices":[],"_links":{"self":[{"href":"https:\/\/rezekne.citro.lv\/ru\/wp-json\/wp\/v2\/product\/36018"}],"collection":[{"href":"https:\/\/rezekne.citro.lv\/ru\/wp-json\/wp\/v2\/product"}],"about":[{"href":"https:\/\/rezekne.citro.lv\/ru\/wp-json\/wp\/v2\/types\/product"}],"wp:featuredmedia":[{"embeddable":true,"href":"https:\/\/rezekne.citro.lv\/ru\/wp-json\/wp\/v2\/media\/55174"}],"wp:attachment":[{"href":"https:\/\/rezekne.citro.lv\/ru\/wp-json\/wp\/v2\/media?parent=36018"}],"wp:term":[{"taxonomy":"product_cat","embeddable":true,"href":"https:\/\/rezekne.citro.lv\/ru\/wp-json\/wp\/v2\/product_cat?post=36018"},{"taxonomy":"product_tag","embeddable":true,"href":"https:\/\/rezekne.citro.lv\/ru\/wp-json\/wp\/v2\/product_tag?post=36018"}],"curies":[{"name":"wp","href":"https:\/\/api.w.org\/{rel}","templated":true}]}}