{"id":36019,"date":"2025-09-08T00:02:36","date_gmt":"2025-09-07T21:02:36","guid":{"rendered":"https:\/\/rezekne.citro.psdev.lv\/veikals\/import-placeholder-for-2532\/"},"modified":"2026-04-22T09:00:20","modified_gmt":"2026-04-22T06:00:20","slug":"kuka-medus-citro-sver","status":"publish","type":"product","link":"https:\/\/rezekne.citro.lv\/ru\/product\/kuka-medus-citro-sver\/","title":{"rendered":"K\u016aKA MEDUS  CITRO SVER."},"content":{"rendered":"<p>Izcelsmes valsts: Latvija<br \/>Sast\u0101vda\u013cas: KVIE\u0160U MILTI;sk\u0101bais izstr\u0101d\u0101jums20%((V\u0100JPIENS, piena tauku aizvietot\u0101js 18%(augu e\u013c\u013cas(palmu, rap\u0161u), emulgatorsE 471, aromatiz\u0113t\u0101js, kr\u0101sviela-annato), SALDAIS KR\u0112JUMS, SAUSAIS  V\u0100JPIENS, modific\u0113t\u0101 kukur\u016bzas ciete, ieraugs)); cukurs; \u017eelejveida konfektes asorti((cukurs, glikozes s\u012brups,\u016bdens, cietin\u0101t\u0101js (pekt\u012bns) , sk\u0101buma regul\u0113t\u0101js-citronsk\u0101be, kr\u0101svielas:(dab\u012bgas piedevas:oran\u017e\u0101-beta karot\u012bns, sarkan\u0101-upe\u0146u un melno burk\u0101nu sulu koncentr\u0101ts, za\u013c\u0101-hlorof\u012bls, dzelten\u0101- saflora ziedu ekstrakts, aromatiz\u0113t\u0101ji:\u0101bols, citrons, apels\u012bns, barbele)); OLAS;margar\u012bns bez hidrogen\u0113tiem taukiem {augu e\u013c\u013cas (palmu, rap\u0161u), \u016bdens, emulgatori (E471-mono un glicer\u012bdi tauksk\u0101bju),s\u0101ls, sk\u0101buma regul\u0113t\u0101js -citronsk\u0101be, konservants- sorb\u0101ts k\u0101lija,aromatiz\u0113t\u0101js,p\u0101rtikas kr\u0101sviela E160a)}: medus m\u0101ksl\u012bgais 4% ((glikozes-fruktozes s\u012brups, \u016bdens, cukurs,p\u0101rtikas kr\u0101sviela-amonija karamele ,  sk\u0101buma regul\u0113t\u0101js-citronsk\u0101be, medus arom\u0101ts)): konditorejas kr\u0113ms ar cukuru ((\u016bdens, piln\u012bgi hidrogen\u0113ta palmu kodolu e\u013c\u013ca25%, cukurs 12%, PIENA olbaltumvielas, emulgatori E472b, E322(SOJA), E 472e; stabiliz\u0113t\u0101ji: E460, E466, E340;aromatiz\u0113t\u0101js, kr\u0101sviela E160a));margarins kremiem((augu tauki (palmu) un e\u013c\u013cas (rap\u0161u,  kokosriekstu, AUZU), \u016bdens)):\u016bdens: Iebiezin\u0101ts piens(PIENS 54%, cukurs46%): soda dzeram\u0101; kaltkr\u0113ms((cukurs, modific\u0113ta ciete (kartupe\u013cu),PIENA s\u016bkalu  pulveris,palmu tauki,PIENA proteini, LAKTOZE, V\u0100JPIENA pulveris, biezin\u0101t\u0101js:E401; aromatiz\u0113t\u0101ji-vanil\u012bns ,dab\u012bga vani\u013ca, p\u0101rtikas kr\u0101svielas E160a, emulgatori(E450, E471), sk\u0101buma regul\u0113t\u0101ji E339, E516)): galda eti\u0137is:  Uzglab\u0101\u0161anas temperat\u016bra,+2-+6C  Inform\u0101cija par uzturv\u0113rt\u012bbu:  . 100 g produkta satur: ener\u0123\u0113tisk\u0101 v\u0113rt\u012bba :100 g produkta satur: ener\u0123\u0113tisk\u0101 v\u0113rt\u012bba 1346 kJ \/ 320kcal; tauki 11.2g, tostarp pies\u0101tin\u0101t\u0101s tauksk\u0101bes 5.4g; og\u013chidr\u0101ti 49.6g, tostarp cukuri 28.4g; \u0161\u0137iedrvielas 1g; olbaltumvielas 4.7g; s\u0101ls 0.1g.<\/p>\n","protected":false},"excerpt":{"rendered":"<p>7.49 \u20ac\/KG<\/p>\n","protected":false},"featured_media":36087,"template":"","meta":{"_acf_changed":false,"inline_featured_image":false},"product_cat":[109,220],"product_tag":[],"acf":[],"aioseo_notices":[],"_links":{"self":[{"href":"https:\/\/rezekne.citro.lv\/ru\/wp-json\/wp\/v2\/product\/36019"}],"collection":[{"href":"https:\/\/rezekne.citro.lv\/ru\/wp-json\/wp\/v2\/product"}],"about":[{"href":"https:\/\/rezekne.citro.lv\/ru\/wp-json\/wp\/v2\/types\/product"}],"wp:featuredmedia":[{"embeddable":true,"href":"https:\/\/rezekne.citro.lv\/ru\/wp-json\/wp\/v2\/media\/36087"}],"wp:attachment":[{"href":"https:\/\/rezekne.citro.lv\/ru\/wp-json\/wp\/v2\/media?parent=36019"}],"wp:term":[{"taxonomy":"product_cat","embeddable":true,"href":"https:\/\/rezekne.citro.lv\/ru\/wp-json\/wp\/v2\/product_cat?post=36019"},{"taxonomy":"product_tag","embeddable":true,"href":"https:\/\/rezekne.citro.lv\/ru\/wp-json\/wp\/v2\/product_tag?post=36019"}],"curies":[{"name":"wp","href":"https:\/\/api.w.org\/{rel}","templated":true}]}}