{"id":36024,"date":"2026-03-06T00:02:14","date_gmt":"2026-03-05T22:02:14","guid":{"rendered":"https:\/\/rezekne.citro.psdev.lv\/veikals\/import-placeholder-for-2540\/"},"modified":"2026-03-06T00:02:16","modified_gmt":"2026-03-05T22:02:16","slug":"grieku-salati-citro-250g","status":"publish","type":"product","link":"https:\/\/rezekne.citro.lv\/ru\/product\/grieku-salati-citro-250g\/","title":{"rendered":"GRIE\u0136U SAL\u0100TI CITRO 250G"},"content":{"rendered":"<p>Izcelsmes valsts: Latvija<br \/>Sast\u0101vda\u013cas: tom\u0101ti: siers((PIENS, s\u0101ls, sk\u0101buma regul\u0113t\u0101js E575): paprika; sal\u0101tu lapas: m\u0113rce sal\u0101tu(\u016bdens, cukurs, s\u0101ls, sk\u0101buma regul\u0113t\u0101js (eti\u0137sk\u0101be, trik\u0101lija citr\u0101ts, citronsk\u0101be, \u0101bolsk\u0101be, askorbinsk\u0101be), stabiliz\u0113t\u0101js(karagin\u0101ns), gar\u0161vielas, konservants(k\u0101lija sorb\u0101ts), aromatiz\u0113t\u0101ji)):ol\u012bvas(melnas ol\u012bvas, \u016bdens, s\u0101ls, stabiliz\u0113t\u0101js dzelzs glikon\u0101ts):s\u012bpoli: Uzglab\u0101\u0161anas temperat\u016bra+2-+6C Inform\u0101cija par uzturv\u0113rt\u012bbu :100 g produkta satur: ener\u0123\u0113tisk\u0101 v\u0113rt\u012bba 272 kJ \/ 65kcal; tauki 3.3g, tostarp pies\u0101tin\u0101t\u0101s tauksk\u0101bes 1.7g; og\u013chidr\u0101ti 5.3g, tostarp cukuri 2.8g; \u0161\u0137iedrvielas 0.4g; olbaltumvielas 3.3g; s\u0101ls 1g.<\/p>\n","protected":false},"excerpt":{"rendered":"<p>8.36 \u20ac\/KG<\/p>\n","protected":false},"featured_media":55970,"template":"","meta":{"_acf_changed":false,"inline_featured_image":false},"product_cat":[113,212],"product_tag":[],"acf":[],"aioseo_notices":[],"_links":{"self":[{"href":"https:\/\/rezekne.citro.lv\/ru\/wp-json\/wp\/v2\/product\/36024"}],"collection":[{"href":"https:\/\/rezekne.citro.lv\/ru\/wp-json\/wp\/v2\/product"}],"about":[{"href":"https:\/\/rezekne.citro.lv\/ru\/wp-json\/wp\/v2\/types\/product"}],"wp:featuredmedia":[{"embeddable":true,"href":"https:\/\/rezekne.citro.lv\/ru\/wp-json\/wp\/v2\/media\/55970"}],"wp:attachment":[{"href":"https:\/\/rezekne.citro.lv\/ru\/wp-json\/wp\/v2\/media?parent=36024"}],"wp:term":[{"taxonomy":"product_cat","embeddable":true,"href":"https:\/\/rezekne.citro.lv\/ru\/wp-json\/wp\/v2\/product_cat?post=36024"},{"taxonomy":"product_tag","embeddable":true,"href":"https:\/\/rezekne.citro.lv\/ru\/wp-json\/wp\/v2\/product_tag?post=36024"}],"curies":[{"name":"wp","href":"https:\/\/api.w.org\/{rel}","templated":true}]}}