{"id":36027,"date":"2026-03-26T01:03:20","date_gmt":"2026-03-25T23:03:20","guid":{"rendered":"https:\/\/rezekne.citro.psdev.lv\/veikals\/import-placeholder-for-2543\/"},"modified":"2026-04-05T06:27:25","modified_gmt":"2026-04-05T03:27:25","slug":"siera-salati-citro-300g","status":"publish","type":"product","link":"https:\/\/rezekne.citro.lv\/ru\/product\/siera-salati-citro-300g\/","title":{"rendered":"SIERA SAL\u0100TI CITRO 300G"},"content":{"rendered":"<p>Izcelsmes valsts: Latvija<br \/>Sast\u0101vda\u013cas: pusciets,vid\u0113ji trekns,  nogatavin\u0101ts siers  (t.s.s 45%)38% ((pasteriz\u0113ts  PIENS,  p\u0101rtikas s\u0101ls, konservants-k\u0101lija nitr\u0101ts, siera ieraugs,mikrobiolo\u0123iskais ferments, p\u0101rtikas kr\u0101sviela-beta karot\u012bns)): majon\u0113ze ((saulespu\u0137u e\u013c\u013ca , dzeramais \u016bdens,cukurs,  OLU dzeltenums, v\u0101r\u0101m\u0101 s\u0101ls,emulgators(ciete), sk\u0101buma regul\u0113t\u0101ji (eti\u0137sk\u0101be, citronsk\u0101be),dabiskas izcelsmes stabilizatori(ksant\u0101na sve\u0137i), konservants (k\u0101lija sorb\u0101ts), aromatiz\u0113t\u0101js SINEPES, antioksidants(E385), dabig\u0101 kr\u0101sviela (B- karot\u012bns)):burk\u0101ni:OLAS:\u0137iploki. Uzglab\u0101\u0161anas temperat\u016bra+2-+6C  Inform\u0101cija par uzturv\u0113rt\u012bbu: 100 g produkta satur: ener\u0123\u0113tisk\u0101 v\u0113rt\u012bba 1484 kJ \/ 359kcal; tauki 33.2g, tostarp pies\u0101tin\u0101t\u0101s tauksk\u0101bes 9.5g; og\u013chidr\u0101ti 3.8g, tostarp cukuri 1.8g; \u0161\u0137iedrvielas 0.5g; olbaltumvielas 11g; s\u0101ls 1g.<\/p>\n","protected":false},"excerpt":{"rendered":"<p>7.63 \u20ac\/KG<\/p>\n","protected":false},"featured_media":57234,"template":"","meta":{"_acf_changed":false,"inline_featured_image":false},"product_cat":[113,212],"product_tag":[],"acf":[],"aioseo_notices":[],"_links":{"self":[{"href":"https:\/\/rezekne.citro.lv\/ru\/wp-json\/wp\/v2\/product\/36027"}],"collection":[{"href":"https:\/\/rezekne.citro.lv\/ru\/wp-json\/wp\/v2\/product"}],"about":[{"href":"https:\/\/rezekne.citro.lv\/ru\/wp-json\/wp\/v2\/types\/product"}],"wp:featuredmedia":[{"embeddable":true,"href":"https:\/\/rezekne.citro.lv\/ru\/wp-json\/wp\/v2\/media\/57234"}],"wp:attachment":[{"href":"https:\/\/rezekne.citro.lv\/ru\/wp-json\/wp\/v2\/media?parent=36027"}],"wp:term":[{"taxonomy":"product_cat","embeddable":true,"href":"https:\/\/rezekne.citro.lv\/ru\/wp-json\/wp\/v2\/product_cat?post=36027"},{"taxonomy":"product_tag","embeddable":true,"href":"https:\/\/rezekne.citro.lv\/ru\/wp-json\/wp\/v2\/product_tag?post=36027"}],"curies":[{"name":"wp","href":"https:\/\/api.w.org\/{rel}","templated":true}]}}