{"id":36028,"date":"2026-04-23T01:04:24","date_gmt":"2026-04-22T22:04:24","guid":{"rendered":"https:\/\/rezekne.citro.psdev.lv\/veikals\/import-placeholder-for-2544\/"},"modified":"2026-04-23T01:04:30","modified_gmt":"2026-04-22T22:04:30","slug":"vinegrets-citro-300g","status":"publish","type":"product","link":"https:\/\/rezekne.citro.lv\/ru\/product\/vinegrets-citro-300g\/","title":{"rendered":"VINEGRETS CITRO 300G"},"content":{"rendered":"<p>Izcelsmes valsts: Latvija<br \/>Satur saldin\u0101t\u0101ju.Sast\u0101vda\u013cas: bietes v\u0101r\u012btas: gur\u0137i marin\u0113ti ar saldin\u0101t\u0101ju  (gur\u0137i, \u016bdens,  eti\u0137is, s\u0101ls, gar\u0161vielu ekstrakts satur SINEPES,  saldin\u0101t\u0101js sahar\u012bnsE954): kartupe\u013ci: burk\u0101ni v\u0101r\u012bti: za\u013cie zirn\u012b\u0161i 7%(zalie zirn\u012b\u0161i(70%) , \u016bdens, s\u0101ls, cukurs): saulespu\u0137u e\u013c\u013ca  rafin\u0113ta:s\u012bpoli marin\u0113ti(\u016bdens, eti\u0137is galda, cukurs, s\u0101ls):s\u0101ls, Uzglab\u0101\u0161anas temperat\u016bra.+2-+6C Inform\u0101cija par uzturv\u0113rt\u012bbu . 100 g produkta satur: ener\u0123\u0113tisk\u0101 v\u0113rt\u012bba 362 kJ \/ 87kcal; tauki 4.4g, tostarp pies\u0101tin\u0101t\u0101s tauksk\u0101bes 0.5g; og\u013chidr\u0101ti 9.2g, tostarp cukuri 3.5g; \u0161\u0137iedrvielas 2.2g; olbaltumvielas 1.5g; s\u0101ls 0.9g..<\/p>\n","protected":false},"excerpt":{"rendered":"<p>4.63 \u20ac\/KG<\/p>\n","protected":false},"featured_media":53241,"template":"","meta":{"_acf_changed":false,"inline_featured_image":false},"product_cat":[113,212],"product_tag":[],"acf":[],"aioseo_notices":[],"_links":{"self":[{"href":"https:\/\/rezekne.citro.lv\/ru\/wp-json\/wp\/v2\/product\/36028"}],"collection":[{"href":"https:\/\/rezekne.citro.lv\/ru\/wp-json\/wp\/v2\/product"}],"about":[{"href":"https:\/\/rezekne.citro.lv\/ru\/wp-json\/wp\/v2\/types\/product"}],"wp:featuredmedia":[{"embeddable":true,"href":"https:\/\/rezekne.citro.lv\/ru\/wp-json\/wp\/v2\/media\/53241"}],"wp:attachment":[{"href":"https:\/\/rezekne.citro.lv\/ru\/wp-json\/wp\/v2\/media?parent=36028"}],"wp:term":[{"taxonomy":"product_cat","embeddable":true,"href":"https:\/\/rezekne.citro.lv\/ru\/wp-json\/wp\/v2\/product_cat?post=36028"},{"taxonomy":"product_tag","embeddable":true,"href":"https:\/\/rezekne.citro.lv\/ru\/wp-json\/wp\/v2\/product_tag?post=36028"}],"curies":[{"name":"wp","href":"https:\/\/api.w.org\/{rel}","templated":true}]}}