{"id":36130,"date":"2026-04-23T01:02:59","date_gmt":"2026-04-22T22:02:59","guid":{"rendered":"https:\/\/rezekne.citro.psdev.lv\/veikals\/import-placeholder-for-2556\/"},"modified":"2026-05-06T06:27:35","modified_gmt":"2026-05-06T03:27:35","slug":"folija-aluminija-0-29x10m-pleve","status":"publish","type":"product","link":"https:\/\/rezekne.citro.lv\/ru\/product\/folija-aluminija-0-29x10m-pleve\/","title":{"rendered":"FOLIJA ALUM\u012aNIJA 0.29X10M PL\u0112V\u0112"},"content":{"rendered":"","protected":false},"excerpt":{"rendered":"<p>1.59 \u20ac\/GAB<\/p>\n","protected":false},"featured_media":36180,"template":"","meta":{"_acf_changed":false,"inline_featured_image":false},"product_cat":[131,180],"product_tag":[],"acf":[],"aioseo_notices":[],"_links":{"self":[{"href":"https:\/\/rezekne.citro.lv\/ru\/wp-json\/wp\/v2\/product\/36130"}],"collection":[{"href":"https:\/\/rezekne.citro.lv\/ru\/wp-json\/wp\/v2\/product"}],"about":[{"href":"https:\/\/rezekne.citro.lv\/ru\/wp-json\/wp\/v2\/types\/product"}],"wp:featuredmedia":[{"embeddable":true,"href":"https:\/\/rezekne.citro.lv\/ru\/wp-json\/wp\/v2\/media\/36180"}],"wp:attachment":[{"href":"https:\/\/rezekne.citro.lv\/ru\/wp-json\/wp\/v2\/media?parent=36130"}],"wp:term":[{"taxonomy":"product_cat","embeddable":true,"href":"https:\/\/rezekne.citro.lv\/ru\/wp-json\/wp\/v2\/product_cat?post=36130"},{"taxonomy":"product_tag","embeddable":true,"href":"https:\/\/rezekne.citro.lv\/ru\/wp-json\/wp\/v2\/product_tag?post=36130"}],"curies":[{"name":"wp","href":"https:\/\/api.w.org\/{rel}","templated":true}]}}