{"id":36144,"date":"2026-01-02T00:46:51","date_gmt":"2026-01-01T22:46:51","guid":{"rendered":"https:\/\/rezekne.citro.psdev.lv\/veikals\/import-placeholder-for-2570\/"},"modified":"2026-05-08T06:27:22","modified_gmt":"2026-05-08T03:27:22","slug":"tirisanas-pasta-skaidra-380g","status":"publish","type":"product","link":"https:\/\/rezekne.citro.lv\/ru\/product\/tirisanas-pasta-skaidra-380g\/","title":{"rendered":"T\u012aR\u012a\u0160ANAS PASTA SKAIDRA 380G"},"content":{"rendered":"","protected":false},"excerpt":{"rendered":"<p>4.45 \u20ac\/KG<\/p>\n","protected":false},"featured_media":46590,"template":"","meta":{"_acf_changed":false,"inline_featured_image":false},"product_cat":[131,169],"product_tag":[],"acf":[],"aioseo_notices":[],"_links":{"self":[{"href":"https:\/\/rezekne.citro.lv\/ru\/wp-json\/wp\/v2\/product\/36144"}],"collection":[{"href":"https:\/\/rezekne.citro.lv\/ru\/wp-json\/wp\/v2\/product"}],"about":[{"href":"https:\/\/rezekne.citro.lv\/ru\/wp-json\/wp\/v2\/types\/product"}],"wp:featuredmedia":[{"embeddable":true,"href":"https:\/\/rezekne.citro.lv\/ru\/wp-json\/wp\/v2\/media\/46590"}],"wp:attachment":[{"href":"https:\/\/rezekne.citro.lv\/ru\/wp-json\/wp\/v2\/media?parent=36144"}],"wp:term":[{"taxonomy":"product_cat","embeddable":true,"href":"https:\/\/rezekne.citro.lv\/ru\/wp-json\/wp\/v2\/product_cat?post=36144"},{"taxonomy":"product_tag","embeddable":true,"href":"https:\/\/rezekne.citro.lv\/ru\/wp-json\/wp\/v2\/product_tag?post=36144"}],"curies":[{"name":"wp","href":"https:\/\/api.w.org\/{rel}","templated":true}]}}