{"id":36253,"date":"2026-04-23T00:47:11","date_gmt":"2026-04-22T21:47:11","guid":{"rendered":"https:\/\/rezekne.citro.psdev.lv\/veikals\/import-placeholder-for-2837\/"},"modified":"2026-05-04T06:04:55","modified_gmt":"2026-05-04T03:04:55","slug":"bezrauga-formas-maize-300g","status":"publish","type":"product","link":"https:\/\/rezekne.citro.lv\/ru\/product\/bezrauga-formas-maize-300g\/","title":{"rendered":"BEZRAUGA FORMAS MAIZE 300G"},"content":{"rendered":"<p>Izcelsmes valsts: Latvija<br \/>Sast\u0101vda\u013cas: RUDZU b\u012bdel\u0113tie milti,\u016bdens, KVIE\u0160U milti ,  RUDZU milti skrot\u0113tie, cukurs, saulespu\u0137u s\u0113klas, s\u0101ls,  \u0137imenes.  Inform\u0101cija par uzturv\u0113rt\u012bbu: 100 g produkta satur: ener\u0123\u0113tisk\u0101 v\u0113rt\u012bba 1082 kJ \/ 256kcal; tauki 2g, tostarp pies\u0101tin\u0101t\u0101s tauksk\u0101bes 0.3g; og\u013chidr\u0101ti 49.6g, tostarp cukuri 2.8g; \u0161\u0137iedrvielas 5.7g; olbaltumvielas 7g; s\u0101ls 1.1g.<\/p>\n","protected":false},"excerpt":{"rendered":"<p>2.17 \u20ac\/KG<\/p>\n","protected":false},"featured_media":36309,"template":"","meta":{"_acf_changed":false,"inline_featured_image":false},"product_cat":[215,216],"product_tag":[],"acf":[],"aioseo_notices":[],"_links":{"self":[{"href":"https:\/\/rezekne.citro.lv\/ru\/wp-json\/wp\/v2\/product\/36253"}],"collection":[{"href":"https:\/\/rezekne.citro.lv\/ru\/wp-json\/wp\/v2\/product"}],"about":[{"href":"https:\/\/rezekne.citro.lv\/ru\/wp-json\/wp\/v2\/types\/product"}],"wp:featuredmedia":[{"embeddable":true,"href":"https:\/\/rezekne.citro.lv\/ru\/wp-json\/wp\/v2\/media\/36309"}],"wp:attachment":[{"href":"https:\/\/rezekne.citro.lv\/ru\/wp-json\/wp\/v2\/media?parent=36253"}],"wp:term":[{"taxonomy":"product_cat","embeddable":true,"href":"https:\/\/rezekne.citro.lv\/ru\/wp-json\/wp\/v2\/product_cat?post=36253"},{"taxonomy":"product_tag","embeddable":true,"href":"https:\/\/rezekne.citro.lv\/ru\/wp-json\/wp\/v2\/product_tag?post=36253"}],"curies":[{"name":"wp","href":"https:\/\/api.w.org\/{rel}","templated":true}]}}