{"id":36376,"date":"2026-04-23T01:19:23","date_gmt":"2026-04-22T22:19:23","guid":{"rendered":"https:\/\/rezekne.citro.psdev.lv\/veikals\/import-placeholder-for-2870\/"},"modified":"2026-04-23T01:19:25","modified_gmt":"2026-04-22T22:19:25","slug":"kafija-malta-lavazza-oro-bundza-250g","status":"publish","type":"product","link":"https:\/\/rezekne.citro.lv\/ru\/product\/kafija-malta-lavazza-oro-bundza-250g\/","title":{"rendered":"KAFIJA MALT\u0100 LAVAZZA ORO BUND\u017d\u0100 250G"},"content":{"rendered":"<p>Izcelsmes valsts: It\u0101lija<\/p>\n","protected":false},"excerpt":{"rendered":"<p>31.96 \u20ac\/KG<\/p>\n","protected":false},"featured_media":36447,"template":"","meta":{"_acf_changed":false,"inline_featured_image":false},"product_cat":[142,179],"product_tag":[],"acf":[],"aioseo_notices":[],"_links":{"self":[{"href":"https:\/\/rezekne.citro.lv\/ru\/wp-json\/wp\/v2\/product\/36376"}],"collection":[{"href":"https:\/\/rezekne.citro.lv\/ru\/wp-json\/wp\/v2\/product"}],"about":[{"href":"https:\/\/rezekne.citro.lv\/ru\/wp-json\/wp\/v2\/types\/product"}],"wp:featuredmedia":[{"embeddable":true,"href":"https:\/\/rezekne.citro.lv\/ru\/wp-json\/wp\/v2\/media\/36447"}],"wp:attachment":[{"href":"https:\/\/rezekne.citro.lv\/ru\/wp-json\/wp\/v2\/media?parent=36376"}],"wp:term":[{"taxonomy":"product_cat","embeddable":true,"href":"https:\/\/rezekne.citro.lv\/ru\/wp-json\/wp\/v2\/product_cat?post=36376"},{"taxonomy":"product_tag","embeddable":true,"href":"https:\/\/rezekne.citro.lv\/ru\/wp-json\/wp\/v2\/product_tag?post=36376"}],"curies":[{"name":"wp","href":"https:\/\/api.w.org\/{rel}","templated":true}]}}