{"id":36495,"date":"2026-04-23T01:00:40","date_gmt":"2026-04-22T22:00:40","guid":{"rendered":"https:\/\/rezekne.citro.psdev.lv\/veikals\/import-placeholder-for-3239\/"},"modified":"2026-04-23T01:00:43","modified_gmt":"2026-04-22T22:00:43","slug":"actimel-piena-dzer-zemenu-4x100g","status":"publish","type":"product","link":"https:\/\/rezekne.citro.lv\/ru\/product\/actimel-piena-dzer-zemenu-4x100g\/","title":{"rendered":"JOGURTA DZ\u0112RIENS ACTIMEL AR ZEME\u0145U GAR\u0160U 4*100G"},"content":{"rendered":"<p>Izcelsmes valsts: Be\u013c\u0123ija<\/p>\n","protected":false},"excerpt":{"rendered":"<p>4.73 \u20ac\/KG<\/p>\n","protected":false},"featured_media":36531,"template":"","meta":{"_acf_changed":false,"inline_featured_image":false},"product_cat":[95,100],"product_tag":[],"acf":[],"aioseo_notices":[],"_links":{"self":[{"href":"https:\/\/rezekne.citro.lv\/ru\/wp-json\/wp\/v2\/product\/36495"}],"collection":[{"href":"https:\/\/rezekne.citro.lv\/ru\/wp-json\/wp\/v2\/product"}],"about":[{"href":"https:\/\/rezekne.citro.lv\/ru\/wp-json\/wp\/v2\/types\/product"}],"wp:featuredmedia":[{"embeddable":true,"href":"https:\/\/rezekne.citro.lv\/ru\/wp-json\/wp\/v2\/media\/36531"}],"wp:attachment":[{"href":"https:\/\/rezekne.citro.lv\/ru\/wp-json\/wp\/v2\/media?parent=36495"}],"wp:term":[{"taxonomy":"product_cat","embeddable":true,"href":"https:\/\/rezekne.citro.lv\/ru\/wp-json\/wp\/v2\/product_cat?post=36495"},{"taxonomy":"product_tag","embeddable":true,"href":"https:\/\/rezekne.citro.lv\/ru\/wp-json\/wp\/v2\/product_tag?post=36495"}],"curies":[{"name":"wp","href":"https:\/\/api.w.org\/{rel}","templated":true}]}}