{"id":36517,"date":"2026-05-07T00:15:07","date_gmt":"2026-05-06T21:15:07","guid":{"rendered":"https:\/\/rezekne.citro.psdev.lv\/veikals\/import-placeholder-for-3547\/"},"modified":"2026-05-15T06:25:20","modified_gmt":"2026-05-15T03:25:20","slug":"piena-dzeriens-mullermilch-sokolades-1-6-400g","status":"publish","type":"product","link":"https:\/\/rezekne.citro.lv\/ru\/product\/piena-dzeriens-mullermilch-sokolades-1-6-400g\/","title":{"rendered":"PIENA DZ\u0112RIENS M\u00dcLLERMILCH \u0160OKOL\u0100DES 1.6% 400G"},"content":{"rendered":"<p>Izcelsmes valsts: V\u0101cija<\/p>\n","protected":false},"excerpt":{"rendered":"<p>2.98 \u20ac\/KG<\/p>\n","protected":false},"featured_media":36597,"template":"","meta":{"_acf_changed":false,"inline_featured_image":false},"product_cat":[95,210],"product_tag":[],"acf":[],"aioseo_notices":[],"_links":{"self":[{"href":"https:\/\/rezekne.citro.lv\/ru\/wp-json\/wp\/v2\/product\/36517"}],"collection":[{"href":"https:\/\/rezekne.citro.lv\/ru\/wp-json\/wp\/v2\/product"}],"about":[{"href":"https:\/\/rezekne.citro.lv\/ru\/wp-json\/wp\/v2\/types\/product"}],"wp:featuredmedia":[{"embeddable":true,"href":"https:\/\/rezekne.citro.lv\/ru\/wp-json\/wp\/v2\/media\/36597"}],"wp:attachment":[{"href":"https:\/\/rezekne.citro.lv\/ru\/wp-json\/wp\/v2\/media?parent=36517"}],"wp:term":[{"taxonomy":"product_cat","embeddable":true,"href":"https:\/\/rezekne.citro.lv\/ru\/wp-json\/wp\/v2\/product_cat?post=36517"},{"taxonomy":"product_tag","embeddable":true,"href":"https:\/\/rezekne.citro.lv\/ru\/wp-json\/wp\/v2\/product_tag?post=36517"}],"curies":[{"name":"wp","href":"https:\/\/api.w.org\/{rel}","templated":true}]}}