{"id":36627,"date":"2026-04-23T01:02:19","date_gmt":"2026-04-22T22:02:19","guid":{"rendered":"https:\/\/rezekne.citro.psdev.lv\/veikals\/import-placeholder-for-3650\/"},"modified":"2026-05-04T06:26:05","modified_gmt":"2026-05-04T03:26:05","slug":"valrieksti-lobiti-100g-alisco","status":"publish","type":"product","link":"https:\/\/rezekne.citro.lv\/ru\/product\/valrieksti-lobiti-100g-alisco\/","title":{"rendered":"VALRIEKSTI LOB\u012aTI 100G ALISCO"},"content":{"rendered":"<p>Izcelsmes valsts: \u010c\u012ble<\/p>\n","protected":false},"excerpt":{"rendered":"<p>19.90 \u20ac\/KG<\/p>\n","protected":false},"featured_media":36687,"template":"","meta":{"_acf_changed":false,"inline_featured_image":false},"product_cat":[125,202],"product_tag":[],"acf":[],"aioseo_notices":[],"_links":{"self":[{"href":"https:\/\/rezekne.citro.lv\/ru\/wp-json\/wp\/v2\/product\/36627"}],"collection":[{"href":"https:\/\/rezekne.citro.lv\/ru\/wp-json\/wp\/v2\/product"}],"about":[{"href":"https:\/\/rezekne.citro.lv\/ru\/wp-json\/wp\/v2\/types\/product"}],"wp:featuredmedia":[{"embeddable":true,"href":"https:\/\/rezekne.citro.lv\/ru\/wp-json\/wp\/v2\/media\/36687"}],"wp:attachment":[{"href":"https:\/\/rezekne.citro.lv\/ru\/wp-json\/wp\/v2\/media?parent=36627"}],"wp:term":[{"taxonomy":"product_cat","embeddable":true,"href":"https:\/\/rezekne.citro.lv\/ru\/wp-json\/wp\/v2\/product_cat?post=36627"},{"taxonomy":"product_tag","embeddable":true,"href":"https:\/\/rezekne.citro.lv\/ru\/wp-json\/wp\/v2\/product_tag?post=36627"}],"curies":[{"name":"wp","href":"https:\/\/api.w.org\/{rel}","templated":true}]}}