{"id":36629,"date":"2026-03-26T00:49:35","date_gmt":"2026-03-25T22:49:35","guid":{"rendered":"https:\/\/rezekne.citro.psdev.lv\/veikals\/import-placeholder-for-3658\/"},"modified":"2026-04-05T06:26:42","modified_gmt":"2026-04-05T03:26:42","slug":"plumes-zavetas-b-k-alis-co-achlock-500g","status":"publish","type":"product","link":"https:\/\/rezekne.citro.lv\/ru\/product\/plumes-zavetas-b-k-alis-co-achlock-500g\/","title":{"rendered":"PL\u016aMES \u017d\u0100V\u0112TAS B\/K ALIS CO ACHLOCK 500G"},"content":{"rendered":"<p>Izcelsmes valsts: \u010c\u012ble<\/p>\n","protected":false},"excerpt":{"rendered":"<p>11.98 \u20ac\/KG<\/p>\n","protected":false},"featured_media":36693,"template":"","meta":{"_acf_changed":false,"inline_featured_image":false},"product_cat":[125,543],"product_tag":[],"acf":[],"aioseo_notices":[],"_links":{"self":[{"href":"https:\/\/rezekne.citro.lv\/ru\/wp-json\/wp\/v2\/product\/36629"}],"collection":[{"href":"https:\/\/rezekne.citro.lv\/ru\/wp-json\/wp\/v2\/product"}],"about":[{"href":"https:\/\/rezekne.citro.lv\/ru\/wp-json\/wp\/v2\/types\/product"}],"wp:featuredmedia":[{"embeddable":true,"href":"https:\/\/rezekne.citro.lv\/ru\/wp-json\/wp\/v2\/media\/36693"}],"wp:attachment":[{"href":"https:\/\/rezekne.citro.lv\/ru\/wp-json\/wp\/v2\/media?parent=36629"}],"wp:term":[{"taxonomy":"product_cat","embeddable":true,"href":"https:\/\/rezekne.citro.lv\/ru\/wp-json\/wp\/v2\/product_cat?post=36629"},{"taxonomy":"product_tag","embeddable":true,"href":"https:\/\/rezekne.citro.lv\/ru\/wp-json\/wp\/v2\/product_tag?post=36629"}],"curies":[{"name":"wp","href":"https:\/\/api.w.org\/{rel}","templated":true}]}}