{"id":36635,"date":"2026-04-23T01:31:01","date_gmt":"2026-04-22T22:31:01","guid":{"rendered":"https:\/\/rezekne.citro.psdev.lv\/veikals\/import-placeholder-for-3690\/"},"modified":"2026-04-26T06:28:53","modified_gmt":"2026-04-26T03:28:53","slug":"buljons-galina-blanca-darzenu-8x10g","status":"publish","type":"product","link":"https:\/\/rezekne.citro.lv\/ru\/product\/buljons-galina-blanca-darzenu-8x10g\/","title":{"rendered":"BULJONS GALINA BLANCA D\u0100RZE\u0145U 8X10G"},"content":{"rendered":"<p>Izcelsmes valsts: Sp\u0101nija<\/p>\n","protected":false},"excerpt":{"rendered":"<p>8.38 \u20ac\/KG<\/p>\n","protected":false},"featured_media":3201,"template":"","meta":{"_acf_changed":false,"inline_featured_image":false},"product_cat":[111,112],"product_tag":[],"acf":[],"aioseo_notices":[],"_links":{"self":[{"href":"https:\/\/rezekne.citro.lv\/ru\/wp-json\/wp\/v2\/product\/36635"}],"collection":[{"href":"https:\/\/rezekne.citro.lv\/ru\/wp-json\/wp\/v2\/product"}],"about":[{"href":"https:\/\/rezekne.citro.lv\/ru\/wp-json\/wp\/v2\/types\/product"}],"wp:featuredmedia":[{"embeddable":true,"href":"https:\/\/rezekne.citro.lv\/ru\/wp-json\/wp\/v2\/media\/3201"}],"wp:attachment":[{"href":"https:\/\/rezekne.citro.lv\/ru\/wp-json\/wp\/v2\/media?parent=36635"}],"wp:term":[{"taxonomy":"product_cat","embeddable":true,"href":"https:\/\/rezekne.citro.lv\/ru\/wp-json\/wp\/v2\/product_cat?post=36635"},{"taxonomy":"product_tag","embeddable":true,"href":"https:\/\/rezekne.citro.lv\/ru\/wp-json\/wp\/v2\/product_tag?post=36635"}],"curies":[{"name":"wp","href":"https:\/\/api.w.org\/{rel}","templated":true}]}}