{"id":36737,"date":"2026-03-12T00:16:31","date_gmt":"2026-03-11T22:16:31","guid":{"rendered":"https:\/\/rezekne.citro.psdev.lv\/veikals\/import-placeholder-for-4062\/"},"modified":"2026-03-21T06:40:22","modified_gmt":"2026-03-21T04:40:22","slug":"biezpiena-sierins-magija-vanilas-ar-toffe-glazuru-24-45g","status":"publish","type":"product","link":"https:\/\/rezekne.citro.lv\/ru\/product\/biezpiena-sierins-magija-vanilas-ar-toffe-glazuru-24-45g\/","title":{"rendered":"BIEZPIENA SIERI\u0145\u0160 MAGIJA VANI\u013bAS AR TOFFE GLAZ\u016aRU 24% 45G"},"content":{"rendered":"<p>Izcelsmes valsts: Lietuva<\/p>\n","protected":false},"excerpt":{"rendered":"<p>12.22 \u20ac\/KG<\/p>\n","protected":false},"featured_media":66186,"template":"","meta":{"_acf_changed":false,"inline_featured_image":false},"product_cat":[95,188],"product_tag":[],"acf":[],"aioseo_notices":[],"_links":{"self":[{"href":"https:\/\/rezekne.citro.lv\/ru\/wp-json\/wp\/v2\/product\/36737"}],"collection":[{"href":"https:\/\/rezekne.citro.lv\/ru\/wp-json\/wp\/v2\/product"}],"about":[{"href":"https:\/\/rezekne.citro.lv\/ru\/wp-json\/wp\/v2\/types\/product"}],"wp:featuredmedia":[{"embeddable":true,"href":"https:\/\/rezekne.citro.lv\/ru\/wp-json\/wp\/v2\/media\/66186"}],"wp:attachment":[{"href":"https:\/\/rezekne.citro.lv\/ru\/wp-json\/wp\/v2\/media?parent=36737"}],"wp:term":[{"taxonomy":"product_cat","embeddable":true,"href":"https:\/\/rezekne.citro.lv\/ru\/wp-json\/wp\/v2\/product_cat?post=36737"},{"taxonomy":"product_tag","embeddable":true,"href":"https:\/\/rezekne.citro.lv\/ru\/wp-json\/wp\/v2\/product_tag?post=36737"}],"curies":[{"name":"wp","href":"https:\/\/api.w.org\/{rel}","templated":true}]}}