{"id":36756,"date":"2026-02-02T00:02:05","date_gmt":"2026-02-01T22:02:05","guid":{"rendered":"https:\/\/rezekne.citro.psdev.lv\/veikals\/import-placeholder-for-4576\/"},"modified":"2026-04-29T06:12:13","modified_gmt":"2026-04-29T03:12:13","slug":"bretlinu-filejas-ella-sievas-buca-liedags-150g","status":"publish","type":"product","link":"https:\/\/rezekne.citro.lv\/ru\/product\/bretlinu-filejas-ella-sievas-buca-liedags-150g\/","title":{"rendered":"BR\u0112TLI\u0145U FILEJAS E\u013b\u013b\u0100 SIEVAS BU\u010cA LIEDAGS 150G"},"content":{"rendered":"<p>Izcelsmes valsts: Latvija<\/p>\n","protected":false},"excerpt":{"rendered":"<p>15.93 \u20ac\/KG<\/p>\n","protected":false},"featured_media":36834,"template":"","meta":{"_acf_changed":false,"inline_featured_image":false},"product_cat":[135,136],"product_tag":[],"acf":[],"aioseo_notices":[],"_links":{"self":[{"href":"https:\/\/rezekne.citro.lv\/ru\/wp-json\/wp\/v2\/product\/36756"}],"collection":[{"href":"https:\/\/rezekne.citro.lv\/ru\/wp-json\/wp\/v2\/product"}],"about":[{"href":"https:\/\/rezekne.citro.lv\/ru\/wp-json\/wp\/v2\/types\/product"}],"wp:featuredmedia":[{"embeddable":true,"href":"https:\/\/rezekne.citro.lv\/ru\/wp-json\/wp\/v2\/media\/36834"}],"wp:attachment":[{"href":"https:\/\/rezekne.citro.lv\/ru\/wp-json\/wp\/v2\/media?parent=36756"}],"wp:term":[{"taxonomy":"product_cat","embeddable":true,"href":"https:\/\/rezekne.citro.lv\/ru\/wp-json\/wp\/v2\/product_cat?post=36756"},{"taxonomy":"product_tag","embeddable":true,"href":"https:\/\/rezekne.citro.lv\/ru\/wp-json\/wp\/v2\/product_tag?post=36756"}],"curies":[{"name":"wp","href":"https:\/\/api.w.org\/{rel}","templated":true}]}}